{"id":741,"date":"2011-06-27T08:11:21","date_gmt":"2011-06-27T08:11:21","guid":{"rendered":"http:\/\/localhost\/wordpress\/index.php\/urunler\/"},"modified":"2022-10-06T15:56:08","modified_gmt":"2022-10-06T13:56:08","slug":"urunler","status":"publish","type":"page","link":"https:\/\/www.eda-ltd.com.tr\/index.php\/urunler\/","title":{"rendered":"\u00dcr\u00fcnler"},"content":{"rendered":"<p style=\"font-size: 13px;\">EDA taraf\u0131ndan geli\u015ftirilen <a href=\"https:\/\/www.eda-ltd.com.tr\/index.php\/caeeda\/\" target=\"_blank\" rel=\"noopener\">ilk ve tek yerli m\u00fchendislik tasar\u0131m ve analiz yaz\u0131l\u0131m paketi CAEeda\u2122<\/a>, bir tasar\u0131m ve analiz \u00e7al\u0131\u015fmas\u0131n\u0131n t\u00fcm a\u015famalar\u0131nda ihtiya\u00e7 duyulan yetenekleri tek \u00e7at\u0131 alt\u0131nda toplamaktad\u0131r. Uzay- havac\u0131l\u0131k, makine, gemi ve in\u015faat m\u00fchendislik uygulamalar\u0131na y\u00f6nelik olarak geli\u015ftirilmi\u015f olan ara\u00e7, Geometri, \u00c7\u00f6z\u00fcma\u011f\u0131 \u00dcretme, Optimizasyon, \u00d6n-\u0130\u015flemci, Son-\u0130\u015flemci mod\u00fcllerinin yan\u0131 s\u0131ra, \u00e7al\u0131\u015fma h\u0131z ve hassasiyet seviyeleri birbirinden farkl\u0131 olan CFD, CSD, U\u00e7u\u015f Mekani\u011fi, Ak\u0131\u015f-Yap\u0131 Etkile\u015fimi, Balistik, Panel, Is\u0131sal Analiz, Geri Yanma, \u00c7oklu-fizik \u00e7\u00f6z\u00fcm mod\u00fcllerini de b\u00fcnyesinde bulundurmaktad\u0131r.<\/p>\n<p style=\"font-size: 13px;\">CAEeda\u2122 \u00e7at\u0131s\u0131 alt\u0131nda birbiri ile etkile\u015fimli olarak \u00e7al\u0131\u015fan mod\u00fcllerin her biri, ba\u011f\u0131ms\u0131z ya da di\u011fer ticari yaz\u0131l\u0131mlar ile etkile\u015fimli \u00e7al\u0131\u015ft\u0131r\u0131labilmekte; bu nedenle ba\u011f\u0131ms\u0131z birer yaz\u0131l\u0131m \u00fcr\u00fcn\u00fc olarak adland\u0131r\u0131labildi\u011finden, CAEeda\u2122 ile birlikte EDA \u00fcr\u00fcn yelpazesini olu\u015fturmaktad\u0131rlar.<\/p>\n<p style=\"margin-bottom: 30px; font-size: 13px;\">Kullan\u0131c\u0131 dostu aray\u00fcz\u00fc ve paralel \u00e7\u00f6z\u00fcm kabiliyeti sayesinde, CAEeda\u2122 ile y\u00fcr\u00fct\u00fclen \u00e7al\u0131\u015fmalar s\u0131ras\u0131nda kullan\u0131c\u0131 m\u00fcdahalesi ve zaman kayb\u0131 en aza indirilebilmektedir. Analiz mod\u00fcllerine ait yetenekleri uluslararas\u0131 standart test case\u2019ler ile do\u011frulanm\u0131\u015f olan CAEeda\u2122, Savunma Sanayi 2015-2016 \u00fcr\u00fcn katalo\u011funa giren ilk ve tek yerli m\u00fchendislik tasar\u0131m ve analiz yaz\u0131l\u0131m\u0131 olarak sivil ve savunma sanayi kurulu\u015flar\u0131n\u0131n hizmetine sunulmu\u015ftur.<\/p>\n<div class=\"rowa\">\n<div class=\"columna\" style=\"width: 48%;\">\n<div class=\"rowa\" style=\"background: linear-gradient(to right, #e6e6e6, #f6f6f6); \/* ! margin-bottom: 10px; *\/ border-left-color: #e6e6e6; font-size: 12px; font-family: arial; border-left-width: 5px; border-left-style: solid; max-width: 550px; font-style: italic; margin-bottom: 5px; \/*! height: 30px; *\/padding-top: 5px; padding-bottom: 5px;\">\n<div class=\"columna\" style=\"max-width: 85px; font-weight: bold; padding-top: 0px; padding-bottom: 0px;\"><a href=\"https:\/\/www.eda-ltd.com.tr\/index.php\/urunler\/caeeda-2\/\" target=\"_blank\" rel=\"noopener\"><span style=\"font-size: 10pt;\">CAEeda<\/span><\/a><\/div>\n<div class=\"columna\" style=\"min-width: 400px; padding-top: 0px; padding-bottom: 0px;\"><span style=\"font-size: 10pt;\"><a href=\"https:\/\/www.eda-ltd.com.tr\/index.php\/urunler\/caeeda-2\/\" target=\"_blank\" rel=\"noopener\">Bilgisayar Destekli M\u00fchendislik Tasar\u0131m ve Analiz Yaz\u0131l\u0131m Paketi<\/a><\/span><\/div>\n<\/div>\n<div class=\"rowa\" style=\"background: linear-gradient(to right, #e6e6e6, #f6f6f6); \/* ! margin-bottom: 10px; *\/ border-left-color: #e6e6e6; font-size: 12px; font-family: arial; border-left-width: 5px; border-left-style: solid; max-width: 550px; font-style: italic; margin-bottom: 5px; \/*! height: 30px; *\/padding-top: 5px; padding-bottom: 5px;\">\n<div class=\"columna\" style=\"max-width: 85px; font-weight: bold; padding-top: 0px; padding-bottom: 0px;\"><span style=\"font-size: 10pt;\"><a href=\"https:\/\/www.eda-ltd.com.tr\/index.php\/cadeda\/\" target=\"_blank\" rel=\"noopener\">CADeda<\/a><\/span><\/div>\n<div class=\"columna\" style=\"min-width: 400px; padding-top: 0px; padding-bottom: 0px;\"><span style=\"font-size: 10pt;\"><a href=\"https:\/\/www.eda-ltd.com.tr\/index.php\/cadeda\/\" target=\"_blank\" rel=\"noopener\">Bilgisayar Destekli M\u00fchendislik Tasar\u0131m Yaz\u0131l\u0131m\u0131<\/a><\/span><\/div>\n<\/div>\n<div class=\"rowa\" style=\"background: linear-gradient(to right, #e6e6e6, #f6f6f6); \/* ! margin-bottom: 10px; *\/ border-left-color: #e6e6e6; font-size: 12px; font-family: arial; border-left-width: 5px; border-left-style: solid; max-width: 550px; font-style: italic; margin-bottom: 5px; \/*! height: 30px; *\/padding-top: 5px; padding-bottom: 5px;\">\n<div class=\"columna\" style=\"max-width: 85px; font-weight: bold; padding-top: 0px; padding-bottom: 0px;\"><span style=\"font-size: 10pt;\"><a href=\"https:\/\/www.eda-ltd.com.tr\/index.php\/urunler\/mesheda-2\/\" target=\"_blank\" rel=\"noopener\">MESHeda<\/a><\/span><\/div>\n<div class=\"columna\" style=\"min-width: 400px; padding-top: 0px; padding-bottom: 0px;\"><span style=\"font-size: 10pt;\"><a href=\"https:\/\/www.eda-ltd.com.tr\/index.php\/urunler\/mesheda-2\/\" target=\"_blank\" rel=\"noopener\">\u00c7\u00f6z\u00fcma\u011f\u0131 Yaz\u0131l\u0131m\u0131<\/a><\/span><\/div>\n<\/div>\n<div class=\"rowa\" style=\"background: linear-gradient(to right, #e6e6e6, #f6f6f6); \/* ! margin-bottom: 10px; *\/ border-left-color: #e6e6e6; font-size: 12px; font-family: arial; border-left-width: 5px; border-left-style: solid; max-width: 550px; font-style: italic; margin-bottom: 5px; \/*! height: 30px; *\/padding-top: 5px; padding-bottom: 5px;\">\n<div class=\"columna\" style=\"max-width: 85px; font-weight: bold; padding-top: 0px; padding-bottom: 0px;\"><span style=\"font-size: 10pt;\"><a href=\"https:\/\/www.eda-ltd.com.tr\/index.php\/preeda\/\" target=\"_blank\" rel=\"noopener\">PREeda<\/a><\/span><\/div>\n<div class=\"columna\" style=\"min-width: 400px; padding-top: 0px; padding-bottom: 0px;\"><span style=\"font-size: 10pt;\"><a href=\"https:\/\/www.eda-ltd.com.tr\/index.php\/preeda\/\" target=\"_blank\" rel=\"noopener\">\u00d6n-\u0130\u015flemci Yaz\u0131l\u0131m\u0131<\/a><\/span><\/div>\n<\/div>\n<div class=\"rowa\" style=\"background: linear-gradient(to right, #e6e6e6, #f6f6f6); \/* ! margin-bottom: 10px; *\/ border-left-color: #e6e6e6; font-size: 12px; font-family: arial; border-left-width: 5px; border-left-style: solid; max-width: 550px; font-style: italic; margin-bottom: 5px; \/*! height: 30px; *\/padding-top: 5px; padding-bottom: 5px;\">\n<div class=\"columna\" style=\"max-width: 85px; font-weight: bold; padding-top: 0px; padding-bottom: 0px;\"><span style=\"font-size: 10pt;\"><a href=\"https:\/\/www.eda-ltd.com.tr\/index.php\/posteda\/\" target=\"_blank\" rel=\"noopener\">POSTeda<\/a><\/span><\/div>\n<div class=\"columna\" style=\"min-width: 400px; padding-top: 0px; padding-bottom: 0px;\"><span style=\"font-size: 10pt;\"><a href=\"https:\/\/www.eda-ltd.com.tr\/index.php\/posteda\/\" target=\"_blank\" rel=\"noopener\">Son-\u0130\u015flemci Yaz\u0131l\u0131m\u0131<\/a><\/span><\/div>\n<\/div>\n<div class=\"rowa\" style=\"background: linear-gradient(to right, #e6e6e6, #f6f6f6); \/* ! margin-bottom: 10px; *\/ border-left-color: #e6e6e6; font-size: 12px; font-family: arial; border-left-width: 5px; border-left-style: solid; max-width: 550px; font-style: italic; margin-bottom: 5px; \/*! height: 30px; *\/padding-top: 5px; padding-bottom: 5px;\">\n<div class=\"columna\" style=\"max-width: 85px; font-weight: bold; padding-top: 0px; padding-bottom: 0px;\"><span style=\"font-size: 10pt;\"><a href=\"https:\/\/www.eda-ltd.com.tr\/index.php\/urunler\/ballisticeda\/\" target=\"_blank\" rel=\"noopener\">BALLISTICeda<\/a><\/span><\/div>\n<div class=\"columna\" style=\"min-width: 400px; padding-top: 0px; padding-bottom: 0px;\"><span style=\"font-size: 10pt;\"><a href=\"https:\/\/www.eda-ltd.com.tr\/index.php\/urunler\/ballisticeda\/\" target=\"_blank\" rel=\"noopener\">Balistik Tasar\u0131m ve Analiz Yaz\u0131l\u0131m\u0131<\/a><\/span><\/div>\n<\/div>\n<div class=\"rowa\" style=\"background: linear-gradient(to right, #e6e6e6, #f6f6f6); \/* ! margin-bottom: 10px; *\/ border-left-color: #e6e6e6; font-size: 12px; font-family: arial; border-left-width: 5px; border-left-style: solid; max-width: 550px; font-style: italic; margin-bottom: 5px; \/*! height: 30px; *\/padding-top: 5px; padding-bottom: 5px;\">\n<div class=\"columna\" style=\"max-width: 85px; font-weight: bold; padding-top: 0px; padding-bottom: 0px;\"><span style=\"font-size: 10pt;\">OPTIMIZER<\/span><\/div>\n<div class=\"columna\" style=\"min-width: 400px; padding-top: 0px; padding-bottom: 0px;\"><span style=\"font-size: 10pt;\">Tasar\u0131m Optimizasyon Yaz\u0131l\u0131m\u0131<\/span><\/div>\n<\/div>\n<\/div>\n<div class=\"columna\" style=\"width: 47%;\">\n<div class=\"rowa\" style=\"\/*! background-color: black; *\/background-size: 250px auto; \/*! white-space: pre; *\/margin-top: 0px; max-width: 350px; background: linear-gradient(to bottom,#d6d6d6,#f6f6f6); \/*! min-height: 200px; background-repeat: no-repeat; \/*! max-width: 560px; *\/padding-top: 10px; min-width: 200px;\">\n<p style=\"margin-bottom: 5px; \/*! margin-top: 77px; *\/\/*! line-height: 40px; *\/ margin-left: 15px; font-weight: bold; font-family: arial; \/*! transform: rotate(-90deg); *\/\/*! height: 50px; *\/\/*! position: absolute; *\/\/*! min-width: 25px; *\/\/*! width: 200px; *\/color: #9b9b9b80; font-size: 16px; letter-spacing: 2px;\">\u00c7\u00d6Z\u00dcC\u00dcLER<\/p>\n<div class=\"rowa\" style=\"background: linear-gradient(to right, #e6e6e6, #f6f6f6); \/* ! margin-bottom: 10px; *\/ border-left-color: #e6e6e6; font-size: 12px; font-family: arial; border-left-width: 5px; border-left-style: solid; max-width: 525px; font-style: italic; margin-bottom: 5px; \/*! height: 30px; *\/padding-top: 5px; padding-bottom: 5px; margin-left: 15px;\">\n<div class=\"columna\" style=\"max-width: 85px; font-weight: bold; padding-top: 0px; padding-bottom: 0px;\"><a href=\"https:\/\/www.eda-ltd.com.tr\/index.php\/urunler\/fapeda-2\/\" target=\"_blank\" rel=\"noopener\"><span style=\"font-size: 10pt;\">FAPeda<\/span><\/a><\/div>\n<div class=\"columna\" style=\"min-width: 400px; padding-top: 0px; padding-bottom: 0px;\"><span style=\"font-size: 10pt;\"><a href=\"https:\/\/www.eda-ltd.com.tr\/index.php\/urunler\/fapeda-2\/\" target=\"_blank\" rel=\"noopener\">Ak\u0131\u015f Analiz Yaz\u0131l\u0131m\u0131<\/a><\/span><\/div>\n<\/div>\n<div class=\"rowa\" style=\"background: linear-gradient(to right, #e6e6e6, #f6f6f6); \/* ! margin-bottom: 10px; *\/ border-left-color: #e6e6e6; font-size: 12px; font-family: arial; border-left-width: 5px; border-left-style: solid; max-width: 525px; font-style: italic; margin-bottom: 5px; \/*! height: 30px; *\/padding-top: 5px; padding-bottom: 5px; margin-left: 15px;\">\n<div class=\"columna\" style=\"max-width: 85px; font-weight: bold; padding-top: 0px; padding-bottom: 0px;\"><span style=\"font-size: 10pt;\"><a href=\"https:\/\/www.eda-ltd.com.tr\/index.php\/sapeda\/\" target=\"_blank\" rel=\"noopener\">SAPeda<\/a><\/span><\/div>\n<div class=\"columna\" style=\"min-width: 400px; padding-top: 0px; padding-bottom: 0px;\"><span style=\"font-size: 10pt;\"><a href=\"https:\/\/www.eda-ltd.com.tr\/index.php\/sapeda\/\" target=\"_blank\" rel=\"noopener\">Yap\u0131sal Analiz Yaz\u0131l\u0131m\u0131<\/a><\/span><\/div>\n<\/div>\n<div class=\"rowa\" style=\"background: linear-gradient(to right, #e6e6e6, #f6f6f6); \/* ! margin-bottom: 10px; *\/ border-left-color: #e6e6e6; font-size: 12px; font-family: arial; border-left-width: 5px; border-left-style: solid; max-width: 525px; font-style: italic; margin-bottom: 5px; \/*! height: 30px; *\/padding-top: 5px; padding-bottom: 5px; margin-left: 15px;\">\n<div class=\"columna\" style=\"max-width: 85px; font-weight: bold; padding-top: 0px; padding-bottom: 0px;\"><a href=\"https:\/\/www.eda-ltd.com.tr\/index.php\/urunler\/fsieda\/\" target=\"_blank\" rel=\"noopener\"><span style=\"font-size: 10pt;\">FSIeda<\/span><\/a><\/div>\n<div class=\"columna\" style=\"min-width: 400px; padding-top: 0px; padding-bottom: 0px;\"><a href=\"https:\/\/www.eda-ltd.com.tr\/index.php\/urunler\/fsieda\/\"><span style=\"font-size: 10pt;\">Ak\u0131\u015f-Kat\u0131 Etkile\u015fimi Analizi Yaz\u0131l\u0131m\u0131<\/span><\/a><\/div>\n<\/div>\n<div class=\"rowa\" style=\"background: linear-gradient(to right, #e6e6e6, #f6f6f6); \/* ! margin-bottom: 10px; *\/ border-left-color: #e6e6e6; font-size: 12px; font-family: arial; border-left-width: 5px; border-left-style: solid; max-width: 525px; font-style: italic; margin-bottom: 5px; \/*! height: 30px; *\/padding-top: 5px; padding-bottom: 5px; margin-left: 15px;\">\n<div class=\"columna\" style=\"max-width: 85px; font-weight: bold; padding-top: 0px; padding-bottom: 0px;\"><a href=\"https:\/\/www.eda-ltd.com.tr\/index.php\/urunler\/sineda\/\" target=\"_blank\" rel=\"noopener\"><span style=\"font-size: 10pt;\">SINeda<\/span><\/a><\/div>\n<div class=\"columna\" style=\"min-width: 400px; padding-top: 0px; padding-bottom: 0px;\"><a href=\"https:\/\/www.eda-ltd.com.tr\/index.php\/urunler\/sineda\/\"><span style=\"font-size: 10pt;\">Arama ve Interpolasyon Yaz\u0131l\u0131m\u0131<\/span><\/a><\/div>\n<\/div>\n<div class=\"rowa\" style=\"background: linear-gradient(to right, #e6e6e6, #f6f6f6); \/* ! margin-bottom: 10px; *\/ border-left-color: #e6e6e6; font-size: 12px; font-family: arial; border-left-width: 5px; border-left-style: solid; max-width: 525px; font-style: italic; margin-bottom: 5px; \/*! height: 30px; *\/padding-top: 5px; padding-bottom: 5px; margin-left: 15px;\">\n<div class=\"columna\" style=\"max-width: 85px; font-weight: bold; padding-top: 0px; padding-bottom: 0px;\"><span style=\"font-size: 10pt;\">PANELeda<\/span><\/div>\n<div class=\"columna\" style=\"min-width: 400px; padding-top: 0px; padding-bottom: 0px;\"><span style=\"font-size: 10pt;\">Panel Y\u00f6ntemi ile Aerodinamik Analiz Yaz\u0131l\u0131m\u0131<\/span><\/div>\n<\/div>\n<div class=\"rowa\" style=\"background: linear-gradient(to right, #e6e6e6, #f6f6f6); \/* ! margin-bottom: 10px; *\/ border-left-color: #e6e6e6; font-size: 12px; font-family: arial; border-left-width: 5px; border-left-style: solid; max-width: 525px; font-style: italic; margin-bottom: 5px; \/*! height: 30px; *\/padding-top: 5px; padding-bottom: 5px; margin-left: 15px;\">\n<div class=\"columna\" style=\"max-width: 85px; font-weight: bold; padding-top: 0px; padding-bottom: 0px;\"><span style=\"font-size: 10pt;\">BURNBACKeda<\/span><\/div>\n<div class=\"columna\" style=\"min-width: 400px; padding-top: 0px; padding-bottom: 0px;\"><span style=\"font-size: 10pt;\">Yak\u0131t \u00c7ekirde\u011fi Geri Yanma Analizi Yaz\u0131l\u0131m\u0131<\/span><\/div>\n<\/div>\n<\/div>\n<\/div>\n<\/div>\n","protected":false},"excerpt":{"rendered":"<p>EDA taraf\u0131ndan geli\u015ftirilen ilk ve tek yerli m\u00fchendislik tasar\u0131m ve analiz yaz\u0131l\u0131m paketi CAEeda\u2122, bir tasar\u0131m ve analiz \u00e7al\u0131\u015fmas\u0131n\u0131n t\u00fcm a\u015famalar\u0131nda ihtiya\u00e7 duyulan yetenekleri tek \u00e7at\u0131 alt\u0131nda toplamaktad\u0131r. Uzay- havac\u0131l\u0131k, makine, gemi ve in\u015faat m\u00fchendislik uygulamalar\u0131na y\u00f6nelik olarak geli\u015ftirilmi\u015f olan ara\u00e7, Geometri, \u00c7\u00f6z\u00fcma\u011f\u0131 \u00dcretme, Optimizasyon, \u00d6n-\u0130\u015flemci, Son-\u0130\u015flemci mod\u00fcllerinin yan\u0131 s\u0131ra, \u00e7al\u0131\u015fma h\u0131z ve hassasiyet seviyeleri [&hellip;]<\/p>\n","protected":false},"author":1,"featured_media":0,"parent":0,"menu_order":175,"comment_status":"closed","ping_status":"closed","template":"","meta":[],"_links":{"self":[{"href":"https:\/\/www.eda-ltd.com.tr\/index.php\/wp-json\/wp\/v2\/pages\/741"}],"collection":[{"href":"https:\/\/www.eda-ltd.com.tr\/index.php\/wp-json\/wp\/v2\/pages"}],"about":[{"href":"https:\/\/www.eda-ltd.com.tr\/index.php\/wp-json\/wp\/v2\/types\/page"}],"author":[{"embeddable":true,"href":"https:\/\/www.eda-ltd.com.tr\/index.php\/wp-json\/wp\/v2\/users\/1"}],"replies":[{"embeddable":true,"href":"https:\/\/www.eda-ltd.com.tr\/index.php\/wp-json\/wp\/v2\/comments?post=741"}],"version-history":[{"count":116,"href":"https:\/\/www.eda-ltd.com.tr\/index.php\/wp-json\/wp\/v2\/pages\/741\/revisions"}],"predecessor-version":[{"id":4820,"href":"https:\/\/www.eda-ltd.com.tr\/index.php\/wp-json\/wp\/v2\/pages\/741\/revisions\/4820"}],"wp:attachment":[{"href":"https:\/\/www.eda-ltd.com.tr\/index.php\/wp-json\/wp\/v2\/media?parent=741"}],"curies":[{"name":"wp","href":"https:\/\/api.w.org\/{rel}","templated":true}]}}