{"id":540,"date":"2011-06-19T20:15:44","date_gmt":"2011-06-19T20:15:44","guid":{"rendered":"http:\/\/localhost\/wordpress\/index.php\/caeeda\/"},"modified":"2024-03-14T16:31:18","modified_gmt":"2024-03-14T14:31:18","slug":"caeeda","status":"publish","type":"page","link":"https:\/\/www.eda-ltd.com.tr\/index.php\/urunler\/caeeda\/","title":{"rendered":"CAEeda"},"content":{"rendered":"\t\t<div class=\"elementor elementor-540\">\n\t\t\t<div class=\"elementor-inner\">\n\t\t\t\t<div class=\"elementor-section-wrap\">\n\t\t\t\t\t\t\t<section data-id=\"3d48ecba\" class=\"elementor-element elementor-element-3d48ecba elementor-section-boxed elementor-section-height-default elementor-section-height-default elementor-section elementor-top-section\" data-element_type=\"section\">\n\t\t\t\t\t\t<div class=\"elementor-container elementor-column-gap-default\">\n\t\t\t\t<div class=\"elementor-row\">\n\t\t\t\t<div data-id=\"49201229\" class=\"elementor-element elementor-element-49201229 elementor-column elementor-col-100 elementor-top-column\" data-element_type=\"column\">\n\t\t\t<div class=\"elementor-column-wrap elementor-element-populated\">\n\t\t\t\t\t<div class=\"elementor-widget-wrap\">\n\t\t\t\t<div data-id=\"7e56ce79\" class=\"elementor-element elementor-element-7e56ce79 elementor-widget elementor-widget-text-editor\" data-element_type=\"text-editor.default\">\n\t\t\t\t<div class=\"elementor-widget-container\">\n\t\t\t\t\t<div class=\"elementor-text-editor elementor-clearfix\"><p class=\"western\" lang=\"tr-TR\" style=\"margin-bottom: 20px;\"><span style=\"font-family: arial,helvetica,sans-serif;\"><span style=\"color: #000000;\"><span style=\"font-size: small;\"><strong style=\"font-family: garamond; font-style: italic;\">Bilgisayar Destekli M\u00fchendislik Tasar\u0131m ve Analiz Yaz\u0131l\u0131m\u0131<\/strong><br \/><\/span><\/span><\/span><\/p><p lang=\"tr-TR\" style=\"font-size: 13px;\">Uzay-havac\u0131l\u0131k, makine, gemi ve in\u015faat m\u00fchendisleri taraf\u0131ndan bir tasar\u0131 ve analiz \u00e7al\u0131\u015fmas\u0131n\u0131n t\u00fcm a\u015famalar\u0131nda kullan\u0131labilecek yetenekleri tek \u00e7at\u0131 alt\u0131nda toplayan CAEeda\u2122, ihtiya\u00e7 duyulmas\u0131 halinde di\u011fer ticari yaz\u0131l\u0131mlar ile etkile\u015fimli \u00e7al\u0131\u015ft\u0131r\u0131labilen sofistike bir parametrik tasar\u0131m ve analiz yaz\u0131l\u0131m paketidir.<\/p><p lang=\"tr-TR\" style=\"font-size: 13px;\">CAEeda; Geometri, \u00c7\u00f6z\u00fcma\u011f\u0131, Optimizasyon, \u00d6n-\u0130\u015flemci, Son-\u0130\u015flemci mod\u00fcllerinin yan\u0131 s\u0131ra, \u00e7al\u0131\u015fma h\u0131z ve hassasiyet seviyeleri birbirinden farkl\u0131 olan \u00e7\u00f6z\u00fcc\u00fc (CFD, CSD, U\u00e7u\u015f Mekani\u011fi, Ak\u0131\u015f-Yap\u0131 Etkile\u015fimi, Balistik, Panel, Is\u0131sal Analiz, Geri Yanma, \u00c7oklu-fizik) yaz\u0131l\u0131m mod\u00fcllerinden olu\u015fmaktad\u0131r.<\/p><p lang=\"tr-TR\" style=\"font-size: 13px; margin-bottom: 20px;\">Kullan\u0131c\u0131 dostu aray\u00fcz\u00fc ve paralel \u00e7\u00f6z\u00fcm yetene\u011fi sayesinde, CAEeda\u2122 ile y\u00fcr\u00fct\u00fclen \u00e7al\u0131\u015fmalar s\u0131ras\u0131nda kullan\u0131c\u0131 m\u00fcdahalesi ve zaman kayb\u0131 en aza indirilebilmektedir. Analiz mod\u00fcllerine ait yetenekleri uluslararas\u0131 standart test case\u2019ler ile do\u011frulanm\u0131\u015f olan CAEeda\u2122, Savunma Sanayi 2015-2016 \u00fcr\u00fcn katalo\u011funa giren ilk yerli m\u00fchendislik tasar\u0131m ve analiz yaz\u0131l\u0131m paketi olarak sivil ve savunma sanayi kurulu\u015flar\u0131n\u0131n hizmetine sunulmu\u015ftur.<\/p><div class=\"columna\" style=\"width: 650px; padding-left: 0px; height: 500px; padding-right: 0px; padding-bottom: 0px;\"><div class=\"rowa\" style=\"height: 200px; \/*margin-bottom: 100px; *\/ \/*! width: 440px;\"><div style=\"background: linear-gradient(#e6e6e6, #f6f6f6); ;\/* border-radius: 2px; ! margin-bottom: 10px; *\/ \/*! border-width: 5px; *\/\/*! border-style: solid; *\/\/*! border-color: #e6e6e6; *\/font-size: 12px; font-family: arial; border-top-color: #e6e6e6; border-top-style: solid; border-top-width: 10px; \/*! height: 100px; *\/ \/*! width: 550px; *\/ \/*! margin-left: 50px;\"><p style=\"margin-left: 15px; font-style: italic; font-family: arial; \/*! font-size: 12px; *\/font-weight: bold;\">Bir m\u00fchendislik tasar\u0131m \u00e7al\u0131\u015fmas\u0131 s\u0131ras\u0131nda CAEeda\u2122 kullan\u0131m\u0131 ile b\u00fct\u00fcnle\u015fik olarak ger\u00e7ekle\u015ftirilen i\u015flemler<\/p><ul style=\"margin-top: 0px; margin-bottom: 0px; margin-left: 35px;\"><li>Tasarlanan \u00fcr\u00fcn\u00fcn 3B geometri ve kat\u0131 modelinin olu\u015fturulmas\u0131<\/li><li>M\u00fchendislik analizleri i\u00e7in \u00e7\u00f6z\u00fcma\u011f\u0131 olu\u015fturulmas\u0131<\/li><li>D\u0131\u015f etkiler alt\u0131ndaki performans\u0131n\u0131n belirlenmesine y\u00f6nelik bilgisayar hesaplamalar\u0131<\/li><li>Hesaplama sonu\u00e7lar\u0131n\u0131n g\u00f6r\u00fcnt\u00fclenmesi<\/li><li>Performans iyile\u015ftirme \u00e7al\u0131\u015fmalar\u0131n\u0131n yap\u0131lmas\u0131<\/li><\/ul><\/div><\/div><div class=\"rowa\" style=\"height: 300px; \/*margin-bottom: 100px; width: 440px;\"><div style=\"background: linear-gradient(#e6e6e6, #f6f6f6); ;\/* border-radius: 2px; ! margin-bottom: 10px; *\/ \/*! border-width: 5px; *\/\/*! border-style: solid; *\/\/*! border-color: #e6e6e6; *\/font-size: 12px; font-family: arial; border-top-color: #e6e6e6; border-top-style: solid; border-top-width: 10px; height: 300px; \/*! width: 550px; *\/ \/*! margin-left: 50px;\"><p style=\"margin-left: 15px; font-style: italic; font-family: arial; \/*! font-size: 12px; *\/font-weight: bold;\">Avantajlar<\/p><ul style=\"margin: 0px 10px 20px 35px; \/*! height: 300px;\"><li>Bir m\u00fchendislik tasar\u0131m \u2013 analiz \u00e7al\u0131\u015fmas\u0131 s\u0131ras\u0131nda ihtiya\u00e7 duyulan t\u00fcm yeteneklerin bir arada bulunmas\u0131<\/li><li>Etkile\u015fimli m\u00fchendislik tasar\u0131m otomasyon ve optimizasyonu yetene\u011fi<\/li><li>Parametrik 3B (CAD) geometri olu\u015fturma yetene\u011fi<\/li><li>Yap\u0131sal topoloji, \u015fekil ve boyut optimizasyonu yetene\u011fi<\/li><li>CST-NURB y\u00f6ntemi ile aerodinamik \u015fekil optimizasyonu ve otomasyonu yetene\u011fi<\/li><li>Di\u011fer ticari yaz\u0131l\u0131m ara\u00e7lar\u0131 ile etkile\u015fimli \u00e7al\u0131\u015ft\u0131r\u0131labilme yetene\u011fi<\/li><li>Paralel bilgisayar sistemlerinde kullan\u0131ma uygunluk<\/li><li>Kullan\u0131c\u0131 ihtiyac\u0131na uygun olarak \u00f6zelle\u015ftirilebilme<\/li><li>Kullan\u0131c\u0131-dostu aray\u00fcz ve \u00e7oklu dil deste\u011fi<\/li><\/ul><p>\u00a0<\/p><\/div><\/div><\/div><div class=\"columna\" style=\"padding-right: 0px; width: 320px; padding-left: 10px; height: 600px;\"><div class=\"rowa\" style=\"padding-right: 0px; width: 300px; \/*! padding-left: 0px; *\/ height: 180px; padding-bottom: 0px;\"><div style=\"background: linear-gradient(#e6e6e6, #f6f6f6); ;\/* border-radius: 2px; ! margin-bottom: 10px; *\/ \/*! border-width: 5px; *\/\/*! border-style: solid; *\/\/*! border-color: #e6e6e6; *\/font-size: 12px; font-family: arial; border-top-color: #e6e6e6; border-top-style: solid; border-top-width: 10px; \/*! height: 450px; *\/ width: 320px; \/*! margin-left: 50px;\"><p style=\"margin-left: 15px; font-family: arial; \/*! font-size: 12px; *\/font-weight: bold;\">MOD\u00dcLLER<\/p><p style=\"margin-left: 15px; margin-bottom: -5px;\">GEOMETR\u0130 MOD\u00dcL\u00dc<\/p><p style=\"margin-left: 15px; margin-bottom: 0px; font-style: italic; font-size: 11px;\"><a href=\"https:\/\/www.eda-ltd.com.tr\/index.php\/urunler\/cadeda-2\/\" target=\"_blank\" rel=\"noopener\">Bilgisayar Destekli M\u00fchendislik Tasar\u0131m Yaz\u0131l\u0131m\u0131 (CADeda)<\/a><\/p><p style=\"margin-left: 15px; margin-bottom: -5px;\">\u00c7\u00d6Z\u00dcMA\u011eI MOD\u00dcL\u00dc<\/p><p style=\"margin-left: 15px; margin-bottom: 0px; font-style: italic; font-size: 11px;\"><a href=\"https:\/\/www.eda-ltd.com.tr\/index.php\/mesheda\/\" target=\"_blank\" rel=\"noopener\">\u00c7\u00f6z\u00fcma\u011f\u0131 Yaz\u0131l\u0131m\u0131 (MESHeda)<\/a><\/p><p style=\"margin-left: 15px; margin-bottom: -5px;\">\u00d6N-\u0130\u015eLEMC\u0130 MOD\u00dcL\u00dc<\/p><p style=\"margin-left: 15px; margin-bottom: 0px; font-style: italic; font-size: 11px;\"><a href=\"https:\/\/www.eda-ltd.com.tr\/index.php\/preeda\/\" target=\"_blank\" rel=\"noopener\">\u00d6n-\u0130\u015flemci Yaz\u0131l\u0131m\u0131 (PREeda)<\/a><\/p><p style=\"margin-left: 15px; margin-bottom: -5px;\">SON-\u0130\u015eLEMC\u0130 MOD\u00dcL\u00dc<\/p><p style=\"margin-left: 15px; margin-bottom: 0px; font-style: italic; font-size: 11px;\"><a href=\"https:\/\/www.eda-ltd.com.tr\/index.php\/posteda\/\" target=\"_blank\" rel=\"noopener\">Son-\u0130\u015flemci Yaz\u0131l\u0131m\u0131 (POSTeda)<\/a><\/p><p style=\"margin-left: 15px; margin-bottom: -5px;\">BAL\u0130ST\u0130K MOD\u00dcL\u00dc<\/p><p style=\"margin-left: 15px; margin-bottom: 0px; font-style: italic; font-size: 11px;\"><a href=\"https:\/\/www.eda-ltd.com.tr\/index.php\/ballisticeda_tr\/\" target=\"_blank\" rel=\"noopener\">Balistik Tasar\u0131m ve Analiz Yaz\u0131l\u0131m\u0131 (BALLISTICeda)<\/a><\/p><p style=\"margin-left: 15px; margin-bottom: -5px;\">TASARIM OPT\u0130M\u0130ZASYON MOD\u00dcL\u00dc<\/p><p style=\"margin-left: 15px; margin-bottom: 0px; font-style: italic; font-size: 11px;\">Optimizasyon Yaz\u0131l\u0131m\u0131 (OPTIMIZER)<\/p><p style=\"margin-left: 15px; margin-bottom: -5px;\">AKI\u015e ANAL\u0130Z MOD\u00dcL\u00dc<\/p><p style=\"margin-left: 15px; margin-bottom: 0px; font-style: italic; font-size: 11px;\"><a href=\"https:\/\/www.eda-ltd.com.tr\/index.php\/fapeda-2\/\" target=\"_blank\" rel=\"noopener\">Ak\u0131\u015f Analiz Yaz\u0131l\u0131m\u0131 (FAPeda)<\/a><\/p><p style=\"margin-left: 15px; margin-bottom: -5px;\">YAPISAL ANAL\u0130Z MOD\u00dcL\u00dc<\/p><p style=\"margin-left: 15px; margin-bottom: 0px; font-style: italic; font-size: 11px;\"><a href=\"https:\/\/www.eda-ltd.com.tr\/index.php\/sapeda\/\" target=\"_blank\" rel=\"noopener\">Yap\u0131sal Analiz Yaz\u0131l\u0131m\u0131 (SAPeda)<\/a><\/p><p style=\"margin-left: 15px; margin-bottom: -5px;\">PANEL Y\u00d6NTEM\u0130 MOD\u00dcL\u00dc<\/p><p style=\"margin-left: 15px; margin-bottom: 0px; font-style: italic; font-size: 11px;\">Panel Y\u00f6ntemi ile Aerodinamik Analiz Yaz\u0131l\u0131m\u0131 (PANELeda)<\/p><p style=\"margin-left: 15px; margin-bottom: -5px;\">GER\u0130 YANMA MOD\u00dcL\u00dc<\/p><p style=\"margin-left: 15px; margin-bottom: 0px; font-style: italic; font-size: 11px;\">Yak\u0131t \u00c7ekirde\u011fi Geri Yanma Analizi Yaz\u0131l\u0131m\u0131 (BURNBACKeda)<\/p><p style=\"margin-left: 15px; margin-bottom: -5px;\">TERMAL ANAL\u0130Z MOD\u00dcL\u00dc<\/p><p style=\"margin-left: 15px; margin-bottom: 0px; font-style: italic; font-size: 11px;\">Termal Analizi Yaz\u0131l\u0131m\u0131 (TAPeda)<\/p><p style=\"margin-left: 15px; margin-bottom: -5px;\">AKI\u015e-YAPI ETK\u0130LE\u015e\u0130M\u0130 MOD\u00dcL\u00dc<\/p><p style=\"margin-left: 15px; margin-bottom: 0px; font-style: italic; font-size: 11px;\">Ak\u0131\u015f-kat\u0131 Etkile\u015fimi Analizi Yaz\u0131l\u0131m\u0131 (FSIeda)<\/p><p style=\"margin-left: 15px; margin-bottom: 0px;\">U\u00c7U\u015e MEKAN\u0130\u011e\u0130 MOD\u00dcL\u00dc<\/p><p style=\"margin-left: 15px; margin-bottom: 0px;\">\u00c7OKLU-F\u0130Z\u0130K MOD\u00dcL\u00dc<\/p><\/div><\/div><\/div><\/div>\n\t\t\t\t<\/div>\n\t\t\t\t<\/div>\n\t\t\t\t\t\t<\/div>\n\t\t\t<\/div>\n\t\t<\/div>\n\t\t\t\t\t\t<\/div>\n\t\t\t<\/div>\n\t\t<\/section>\n\t\t\t\t\t\t<\/div>\n\t\t\t<\/div>\n\t\t<\/div>\n\t\t","protected":false},"excerpt":{"rendered":"<p>Bilgisayar Destekli M\u00fchendislik Tasar\u0131m ve Analiz Yaz\u0131l\u0131m\u0131 Uzay-havac\u0131l\u0131k, makine, gemi ve in\u015faat m\u00fchendisleri taraf\u0131ndan bir tasar\u0131 ve analiz \u00e7al\u0131\u015fmas\u0131n\u0131n t\u00fcm a\u015famalar\u0131nda kullan\u0131labilecek yetenekleri tek \u00e7at\u0131 alt\u0131nda toplayan CAEeda\u2122, ihtiya\u00e7 duyulmas\u0131 halinde di\u011fer ticari yaz\u0131l\u0131mlar ile etkile\u015fimli \u00e7al\u0131\u015ft\u0131r\u0131labilen sofistike bir parametrik tasar\u0131m ve analiz yaz\u0131l\u0131m paketidir. CAEeda; Geometri, \u00c7\u00f6z\u00fcma\u011f\u0131, Optimizasyon, \u00d6n-\u0130\u015flemci, Son-\u0130\u015flemci mod\u00fcllerinin yan\u0131 s\u0131ra, \u00e7al\u0131\u015fma [&hellip;]<\/p>\n","protected":false},"author":1,"featured_media":0,"parent":741,"menu_order":266,"comment_status":"closed","ping_status":"closed","template":"","meta":[],"_links":{"self":[{"href":"https:\/\/www.eda-ltd.com.tr\/index.php\/wp-json\/wp\/v2\/pages\/540"}],"collection":[{"href":"https:\/\/www.eda-ltd.com.tr\/index.php\/wp-json\/wp\/v2\/pages"}],"about":[{"href":"https:\/\/www.eda-ltd.com.tr\/index.php\/wp-json\/wp\/v2\/types\/page"}],"author":[{"embeddable":true,"href":"https:\/\/www.eda-ltd.com.tr\/index.php\/wp-json\/wp\/v2\/users\/1"}],"replies":[{"embeddable":true,"href":"https:\/\/www.eda-ltd.com.tr\/index.php\/wp-json\/wp\/v2\/comments?post=540"}],"version-history":[{"count":72,"href":"https:\/\/www.eda-ltd.com.tr\/index.php\/wp-json\/wp\/v2\/pages\/540\/revisions"}],"predecessor-version":[{"id":5084,"href":"https:\/\/www.eda-ltd.com.tr\/index.php\/wp-json\/wp\/v2\/pages\/540\/revisions\/5084"}],"up":[{"embeddable":true,"href":"https:\/\/www.eda-ltd.com.tr\/index.php\/wp-json\/wp\/v2\/pages\/741"}],"wp:attachment":[{"href":"https:\/\/www.eda-ltd.com.tr\/index.php\/wp-json\/wp\/v2\/media?parent=540"}],"curies":[{"name":"wp","href":"https:\/\/api.w.org\/{rel}","templated":true}]}}