{"id":3993,"date":"2018-11-29T17:49:18","date_gmt":"2018-11-29T15:49:18","guid":{"rendered":"http:\/\/www.eda-ltd.com.tr\/?page_id=3993"},"modified":"2018-11-30T14:29:18","modified_gmt":"2018-11-30T12:29:18","slug":"sapeda-2","status":"publish","type":"page","link":"https:\/\/www.eda-ltd.com.tr\/index.php\/urunler\/sapeda-2\/","title":{"rendered":"SAPeda"},"content":{"rendered":"\t\t<div class=\"elementor elementor-3993\">\n\t\t\t<div class=\"elementor-inner\">\n\t\t\t\t<div class=\"elementor-section-wrap\">\n\t\t\t\t\t\t\t<section data-id=\"2bf03c2\" class=\"elementor-element elementor-element-2bf03c2 elementor-section-boxed elementor-section-height-default elementor-section-height-default elementor-section elementor-top-section\" data-element_type=\"section\">\n\t\t\t\t\t\t<div class=\"elementor-container elementor-column-gap-default\">\n\t\t\t\t<div class=\"elementor-row\">\n\t\t\t\t<div data-id=\"1eb48bf\" class=\"elementor-element elementor-element-1eb48bf elementor-column elementor-col-100 elementor-top-column\" data-element_type=\"column\">\n\t\t\t<div class=\"elementor-column-wrap elementor-element-populated\">\n\t\t\t\t\t<div class=\"elementor-widget-wrap\">\n\t\t\t\t<div data-id=\"1ddedf8\" class=\"elementor-element elementor-element-1ddedf8 elementor-widget elementor-widget-text-editor\" data-element_type=\"text-editor.default\">\n\t\t\t\t<div class=\"elementor-widget-container\">\n\t\t\t\t\t<div class=\"elementor-text-editor elementor-clearfix\"><p lang=\"tr-TR\" style=\"font-weight: 600; font-family: garamond; font-style: italic; color: black;\">Yap\u0131sal Analiz Yaz\u0131l\u0131m\u0131<\/p><\/div>\n\t\t\t\t<\/div>\n\t\t\t\t<\/div>\n\t\t\t\t\t\t<\/div>\n\t\t\t<\/div>\n\t\t<\/div>\n\t\t\t\t\t\t<\/div>\n\t\t\t<\/div>\n\t\t<\/section>\n\t\t\t\t<section data-id=\"19a2157\" class=\"elementor-element elementor-element-19a2157 elementor-section-boxed elementor-section-height-default elementor-section-height-default elementor-section elementor-top-section\" data-element_type=\"section\">\n\t\t\t\t\t\t<div class=\"elementor-container elementor-column-gap-default\">\n\t\t\t\t<div class=\"elementor-row\">\n\t\t\t\t<div data-id=\"650dd72\" class=\"elementor-element elementor-element-650dd72 elementor-column elementor-col-100 elementor-top-column\" data-element_type=\"column\">\n\t\t\t<div class=\"elementor-column-wrap elementor-element-populated\">\n\t\t\t\t\t<div class=\"elementor-widget-wrap\">\n\t\t\t\t<div data-id=\"0998110\" class=\"elementor-element elementor-element-0998110 elementor-widget elementor-widget-text-editor\" data-element_type=\"text-editor.default\">\n\t\t\t\t<div class=\"elementor-widget-container\">\n\t\t\t\t\t<div class=\"elementor-text-editor elementor-clearfix\">\n<p lang=\"tr-TR\" style=\"font-size: 13px; font-family: arial; color: #444444;\">SAPeda (Structural Analysis Program for Engineering Design and Analysis) yap\u0131lar\u0131n statik ve dinamik analizlerini yapmak \u00fczere geli\u015ftirilmi\u015f bir sonlu elemanlar (finite elements \u2013 FE) y\u00f6ntemi kullanan bir yaz\u0131l\u0131md\u0131r.<\/p><\/div>\n\t\t\t\t<\/div>\n\t\t\t\t<\/div>\n\t\t\t\t\t\t<\/div>\n\t\t\t<\/div>\n\t\t<\/div>\n\t\t\t\t\t\t<\/div>\n\t\t\t<\/div>\n\t\t<\/section>\n\t\t\t\t<section data-id=\"f994195\" class=\"elementor-element elementor-element-f994195 elementor-section-full_width elementor-section-height-default elementor-section-height-default elementor-section elementor-top-section\" data-element_type=\"section\">\n\t\t\t\t\t\t<div class=\"elementor-container elementor-column-gap-default\">\n\t\t\t\t<div class=\"elementor-row\">\n\t\t\t\t<div data-id=\"6e8288d\" class=\"elementor-element elementor-element-6e8288d elementor-column elementor-col-100 elementor-top-column\" data-element_type=\"column\">\n\t\t\t<div class=\"elementor-column-wrap elementor-element-populated\">\n\t\t\t\t\t<div class=\"elementor-widget-wrap\">\n\t\t\t\t<div data-id=\"e7434e9\" class=\"elementor-element elementor-element-e7434e9 elementor-widget elementor-widget-text-editor\" data-element_type=\"text-editor.default\">\n\t\t\t\t<div class=\"elementor-widget-container\">\n\t\t\t\t\t<div class=\"elementor-text-editor elementor-clearfix\"><p style=\"font-family: arial; font-weight: bold; font-size: 13px; margin-left: 20px; margin-bottom:0px;\">SAPeda ile ger\u00e7ekle\u015ftirilen &#8230;<\/p><\/div>\n\t\t\t\t<\/div>\n\t\t\t\t<\/div>\n\t\t\t\t\t\t<\/div>\n\t\t\t<\/div>\n\t\t<\/div>\n\t\t\t\t\t\t<\/div>\n\t\t\t<\/div>\n\t\t<\/section>\n\t\t\t\t<section data-id=\"668607f\" class=\"elementor-element elementor-element-668607f elementor-section-full_width elementor-section-height-default elementor-section-height-default elementor-section elementor-top-section\" data-settings=\"{&quot;background_background&quot;:&quot;gradient&quot;}\" data-element_type=\"section\">\n\t\t\t\t\t\t<div class=\"elementor-container elementor-column-gap-no\">\n\t\t\t\t<div class=\"elementor-row\">\n\t\t\t\t<div data-id=\"b81bc72\" class=\"elementor-element elementor-element-b81bc72 elementor-column elementor-col-100 elementor-top-column\" data-element_type=\"column\">\n\t\t\t<div class=\"elementor-column-wrap elementor-element-populated\">\n\t\t\t\t\t<div class=\"elementor-widget-wrap\">\n\t\t\t\t<section data-id=\"56eb979\" class=\"elementor-element elementor-element-56eb979 elementor-section-full_width elementor-section-height-default elementor-section-height-default elementor-section elementor-inner-section\" data-element_type=\"section\">\n\t\t\t\t\t\t<div class=\"elementor-container elementor-column-gap-default\">\n\t\t\t\t<div class=\"elementor-row\">\n\t\t\t\t<div data-id=\"1153965\" class=\"elementor-element elementor-element-1153965 elementor-column elementor-col-100 elementor-inner-column\" data-element_type=\"column\">\n\t\t\t<div class=\"elementor-column-wrap elementor-element-populated\">\n\t\t\t\t\t<div class=\"elementor-widget-wrap\">\n\t\t\t\t<div data-id=\"3efc30e\" class=\"elementor-element elementor-element-3efc30e elementor-widget elementor-widget-text-editor\" data-element_type=\"text-editor.default\">\n\t\t\t\t<div class=\"elementor-widget-container\">\n\t\t\t\t\t<div class=\"elementor-text-editor elementor-clearfix\"><p style=\"text-align: right; font-style: italic; font-family: arial; font-weight: bold; font-size: 13px;\">&#8230; analiz \u00e7e\u015fitleri:<\/p><ul style=\"font-size: 13px; font-family: arial; color: #444444; margin-top: 0px; margin-left: 30px;\"><li>Statik<\/li><li>Frekans<\/li><li>Burkulma (Buckling)<\/li><li>Modal<\/li><li>Dinamik<\/li><li>\u00c7arpma<\/li><li>Temas<\/li><li>Aeroelastisite (Statik &amp; Dinamik)<\/li><\/ul><\/div>\n\t\t\t\t<\/div>\n\t\t\t\t<\/div>\n\t\t\t\t\t\t<\/div>\n\t\t\t<\/div>\n\t\t<\/div>\n\t\t\t\t<div data-id=\"d9c5bac\" class=\"elementor-element elementor-element-d9c5bac elementor-column elementor-col-100 elementor-inner-column\" data-element_type=\"column\">\n\t\t\t<div class=\"elementor-column-wrap elementor-element-populated\">\n\t\t\t\t\t<div class=\"elementor-widget-wrap\">\n\t\t\t\t<div data-id=\"6e20233\" class=\"elementor-element elementor-element-6e20233 elementor-widget elementor-widget-text-editor\" data-element_type=\"text-editor.default\">\n\t\t\t\t<div class=\"elementor-widget-container\">\n\t\t\t\t\t<div class=\"elementor-text-editor elementor-clearfix\"><p style=\"text-align: right; font-style: italic; font-family: arial; font-weight: bold; font-size: 13px;\">&#8230; analizlerde kullan\u0131lan eleman tipleri:<\/p><ul style=\"font-size: 13px; font-family: arial; color: #444444; margin-top: 0px; margin-left: 30px;\"><li>8 d\u00fc\u011f\u00fcml\u00fc alt\u0131 y\u00fczl\u00fc (8 noded brick)<\/li><li>20 d\u00fc\u011f\u00fcml\u00fc alt\u0131 y\u00fczl\u00fc<br \/>4 d\u00fc\u011f\u00fcml\u00fc d\u00f6rt y\u00fczl\u00fc (4 noded tetrahedral)<\/li><li>10 d\u00fc\u011f\u00fcml\u00fc d\u00f6rt y\u00fczl\u00fc<\/li><li>6 d\u00fc\u011f\u00fcml\u00fc kama (6 noded wedge)<\/li><li>15 d\u00fc\u011f\u00fcml\u00fc kama<\/li><li>6 d\u00fc\u011f\u00fcml\u00fc kabuk (6 noded shell)<\/li><li>8 d\u00fc\u011f\u00fcml\u00fc kabuk<\/li><li>3 d\u00fc\u011f\u00fcml\u00fc kiri\u015f (3 noded beam)<\/li><li>2 d\u00fc\u011f\u00fcml\u00fc 3B yay (2 noded 3D spring)<\/li><\/ul><\/div>\n\t\t\t\t<\/div>\n\t\t\t\t<\/div>\n\t\t\t\t\t\t<\/div>\n\t\t\t<\/div>\n\t\t<\/div>\n\t\t\t\t<div data-id=\"872a7ee\" class=\"elementor-element elementor-element-872a7ee elementor-column elementor-col-100 elementor-inner-column\" data-element_type=\"column\">\n\t\t\t<div class=\"elementor-column-wrap elementor-element-populated\">\n\t\t\t\t\t<div class=\"elementor-widget-wrap\">\n\t\t\t\t<div data-id=\"bc879b2\" class=\"elementor-element elementor-element-bc879b2 elementor-widget elementor-widget-text-editor\" data-element_type=\"text-editor.default\">\n\t\t\t\t<div class=\"elementor-widget-container\">\n\t\t\t\t\t<div class=\"elementor-text-editor elementor-clearfix\"><p style=\"text-align: right; font-style: italic; font-family: arial; font-weight: bold; font-size: 13px;\">&#8230; analizlerde kullan\u0131lan malzeme \u00e7e\u015fitleri:<\/p><ul style=\"font-size: 13px; font-family: arial; color: #444444; margin-top: 0px; margin-left: 30px;\"><li>Do\u011frusal elastik<\/li><li>Deformasyon plastik<\/li><li>Viskopalstik<\/li><\/ul><\/div>\n\t\t\t\t<\/div>\n\t\t\t\t<\/div>\n\t\t\t\t\t\t<\/div>\n\t\t\t<\/div>\n\t\t<\/div>\n\t\t\t\t\t\t<\/div>\n\t\t\t<\/div>\n\t\t<\/section>\n\t\t\t\t\t\t<\/div>\n\t\t\t<\/div>\n\t\t<\/div>\n\t\t\t\t\t\t<\/div>\n\t\t\t<\/div>\n\t\t<\/section>\n\t\t\t\t\t\t<\/div>\n\t\t\t<\/div>\n\t\t<\/div>\n\t\t","protected":false},"excerpt":{"rendered":"<p>Yap\u0131sal Analiz Yaz\u0131l\u0131m\u0131 SAPeda (Structural Analysis Program for Engineering Design and Analysis) yap\u0131lar\u0131n statik ve dinamik analizlerini yapmak \u00fczere geli\u015ftirilmi\u015f bir sonlu elemanlar (finite elements \u2013 FE) y\u00f6ntemi kullanan bir yaz\u0131l\u0131md\u0131r. SAPeda ile ger\u00e7ekle\u015ftirilen &#8230; &#8230; analiz \u00e7e\u015fitleri: Statik Frekans Burkulma (Buckling) Modal Dinamik \u00c7arpma Temas Aeroelastisite (Statik &amp; Dinamik) &#8230; analizlerde kullan\u0131lan eleman tipleri: [&hellip;]<\/p>\n","protected":false},"author":1,"featured_media":0,"parent":741,"menu_order":49,"comment_status":"closed","ping_status":"closed","template":"","meta":[],"_links":{"self":[{"href":"https:\/\/www.eda-ltd.com.tr\/index.php\/wp-json\/wp\/v2\/pages\/3993"}],"collection":[{"href":"https:\/\/www.eda-ltd.com.tr\/index.php\/wp-json\/wp\/v2\/pages"}],"about":[{"href":"https:\/\/www.eda-ltd.com.tr\/index.php\/wp-json\/wp\/v2\/types\/page"}],"author":[{"embeddable":true,"href":"https:\/\/www.eda-ltd.com.tr\/index.php\/wp-json\/wp\/v2\/users\/1"}],"replies":[{"embeddable":true,"href":"https:\/\/www.eda-ltd.com.tr\/index.php\/wp-json\/wp\/v2\/comments?post=3993"}],"version-history":[{"count":23,"href":"https:\/\/www.eda-ltd.com.tr\/index.php\/wp-json\/wp\/v2\/pages\/3993\/revisions"}],"predecessor-version":[{"id":4021,"href":"https:\/\/www.eda-ltd.com.tr\/index.php\/wp-json\/wp\/v2\/pages\/3993\/revisions\/4021"}],"up":[{"embeddable":true,"href":"https:\/\/www.eda-ltd.com.tr\/index.php\/wp-json\/wp\/v2\/pages\/741"}],"wp:attachment":[{"href":"https:\/\/www.eda-ltd.com.tr\/index.php\/wp-json\/wp\/v2\/media?parent=3993"}],"curies":[{"name":"wp","href":"https:\/\/api.w.org\/{rel}","templated":true}]}}