{"id":3963,"date":"2018-11-29T17:16:10","date_gmt":"2018-11-29T15:16:10","guid":{"rendered":"http:\/\/www.eda-ltd.com.tr\/?page_id=3963"},"modified":"2021-06-04T13:59:53","modified_gmt":"2021-06-04T11:59:53","slug":"posteda-2","status":"publish","type":"page","link":"https:\/\/www.eda-ltd.com.tr\/index.php\/urunler\/posteda-2\/","title":{"rendered":"POSTeda"},"content":{"rendered":"\t\t<div class=\"elementor elementor-3963\">\n\t\t\t<div class=\"elementor-inner\">\n\t\t\t\t<div class=\"elementor-section-wrap\">\n\t\t\t\t\t\t\t<section data-id=\"16df0f9\" class=\"elementor-element elementor-element-16df0f9 elementor-section-boxed elementor-section-height-default elementor-section-height-default elementor-section elementor-top-section\" data-element_type=\"section\">\n\t\t\t\t\t\t<div class=\"elementor-container elementor-column-gap-default\">\n\t\t\t\t<div class=\"elementor-row\">\n\t\t\t\t<div data-id=\"0847f5a\" class=\"elementor-element elementor-element-0847f5a elementor-column elementor-col-100 elementor-top-column\" data-element_type=\"column\">\n\t\t\t<div class=\"elementor-column-wrap elementor-element-populated\">\n\t\t\t\t\t<div class=\"elementor-widget-wrap\">\n\t\t\t\t<div data-id=\"3ce080c\" class=\"elementor-element elementor-element-3ce080c elementor-widget elementor-widget-text-editor\" data-element_type=\"text-editor.default\">\n\t\t\t\t<div class=\"elementor-widget-container\">\n\t\t\t\t\t<div class=\"elementor-text-editor elementor-clearfix\"><p lang=\"tr-TR\" style=\"font-weight: 600; font-family: garamond; font-style: italic; color: black;\">Son-\u0130\u015flemci Yaz\u0131l\u0131m\u0131<\/p><\/div>\n\t\t\t\t<\/div>\n\t\t\t\t<\/div>\n\t\t\t\t\t\t<\/div>\n\t\t\t<\/div>\n\t\t<\/div>\n\t\t\t\t\t\t<\/div>\n\t\t\t<\/div>\n\t\t<\/section>\n\t\t\t\t<section data-id=\"330357f\" class=\"elementor-element elementor-element-330357f elementor-section-boxed elementor-section-height-default elementor-section-height-default elementor-section elementor-top-section\" data-element_type=\"section\">\n\t\t\t\t\t\t<div class=\"elementor-container elementor-column-gap-default\">\n\t\t\t\t<div class=\"elementor-row\">\n\t\t\t\t<div data-id=\"1044d6a\" class=\"elementor-element elementor-element-1044d6a elementor-column elementor-col-100 elementor-top-column\" data-element_type=\"column\">\n\t\t\t<div class=\"elementor-column-wrap elementor-element-populated\">\n\t\t\t\t\t<div class=\"elementor-widget-wrap\">\n\t\t\t\t<div data-id=\"e134d5e\" class=\"elementor-element elementor-element-e134d5e elementor-widget elementor-widget-text-editor\" data-element_type=\"text-editor.default\">\n\t\t\t\t<div class=\"elementor-widget-container\">\n\t\t\t\t\t<div class=\"elementor-text-editor elementor-clearfix\"><p lang=\"tr-TR\" style=\"font-size: 13px; font-family: arial; color: #444444;\">POSTeda; m\u00fchendislik tasar\u0131m ve analiz \u00e7al\u0131\u015fmalar\u0131n\u0131n \u00e7\u00f6z\u00fcm sonras\u0131 kontrol ve de\u011ferlendirme i\u015flemlerinin 2B ve 3B grafikler ve sim\u00fclasyonlar arac\u0131l\u0131\u011f\u0131 ile ger\u00e7ekle\u015ftirilmesine y\u00f6nelik olarak haz\u0131rlanm\u0131\u015f bir son i\u015flemci yaz\u0131l\u0131m\u0131d\u0131r. Ayn\u0131 zamanda ara\u00e7, \u00e7\u00f6z\u00fcm sonu\u00e7lar\u0131n\u0131n kullan\u0131c\u0131 istek ve ihtiya\u00e7lar\u0131na g\u00f6re y\u00f6netilmesine olanak sa\u011flamaktad\u0131r.<\/p><\/div>\n\t\t\t\t<\/div>\n\t\t\t\t<\/div>\n\t\t\t\t\t\t<\/div>\n\t\t\t<\/div>\n\t\t<\/div>\n\t\t\t\t\t\t<\/div>\n\t\t\t<\/div>\n\t\t<\/section>\n\t\t\t\t<section data-id=\"7bc778a\" class=\"elementor-element elementor-element-7bc778a elementor-section-boxed elementor-section-height-default elementor-section-height-default elementor-section elementor-top-section\" data-element_type=\"section\">\n\t\t\t\t\t\t<div class=\"elementor-container elementor-column-gap-default\">\n\t\t\t\t<div class=\"elementor-row\">\n\t\t\t\t<div data-id=\"5f9eab2\" class=\"elementor-element elementor-element-5f9eab2 elementor-column elementor-col-100 elementor-top-column\" data-element_type=\"column\">\n\t\t\t<div class=\"elementor-column-wrap elementor-element-populated\">\n\t\t\t\t\t<div class=\"elementor-widget-wrap\">\n\t\t\t\t<div data-id=\"4ad93b6\" class=\"elementor-element elementor-element-4ad93b6 elementor-widget elementor-widget-text-editor\" data-element_type=\"text-editor.default\">\n\t\t\t\t<div class=\"elementor-widget-container\">\n\t\t\t\t\t<div class=\"elementor-text-editor elementor-clearfix\"><a style=\"color: #c0c0c0; font-size: 1.7em; font-weight: 100; font-family: arial;\">Temel \u00d6zellikler<\/a>\n\n<hr style=\"margin-top: 10px; border-width: 1px;\" \/><\/div>\n\t\t\t\t<\/div>\n\t\t\t\t<\/div>\n\t\t\t\t\t\t<\/div>\n\t\t\t<\/div>\n\t\t<\/div>\n\t\t\t\t\t\t<\/div>\n\t\t\t<\/div>\n\t\t<\/section>\n\t\t\t\t<section data-id=\"3e229bd\" class=\"elementor-element elementor-element-3e229bd elementor-section-boxed elementor-section-height-default elementor-section-height-default elementor-section elementor-top-section\" data-element_type=\"section\">\n\t\t\t\t\t\t<div class=\"elementor-container elementor-column-gap-default\">\n\t\t\t\t<div class=\"elementor-row\">\n\t\t\t\t<div data-id=\"521c90b\" class=\"elementor-element elementor-element-521c90b elementor-column elementor-col-100 elementor-top-column\" data-element_type=\"column\">\n\t\t\t<div class=\"elementor-column-wrap elementor-element-populated\">\n\t\t\t\t\t<div class=\"elementor-widget-wrap\">\n\t\t\t\t<div data-id=\"88ca9b2\" class=\"elementor-element elementor-element-88ca9b2 elementor-widget elementor-widget-text-editor\" data-element_type=\"text-editor.default\">\n\t\t\t\t<div class=\"elementor-widget-container\">\n\t\t\t\t\t<div class=\"elementor-text-editor elementor-clearfix\"><ul style=\"font-size: 13px; font-family: arial; color: #444444; margin-top: 0px;\"><li>TECPLOT ve UNV formatlar\u0131n\u0131n da aralar\u0131nda bulundu\u011fu \u00e7e\u015fitli \u00e7\u00f6z\u00fcma\u011f\u0131 formatlar\u0131ndan elde edilmi\u015f \u00e7\u00f6z\u00fcmleri i\u00e7e aktarma.<\/li><li>Kullan\u0131c\u0131 taraf\u0131ndan tan\u0131mlanacak sabit ve de\u011fi\u015fken form\u00fcller kullan\u0131larak mevcut \u00e7\u00f6z\u00fcm de\u011fi\u015fkenlerinden farkl\u0131 ve yeni de\u011fi\u015fkenler t\u00fcretebilme.<\/li><li>Y\u00fczey kontur \u00e7izgileri ve hacim kontur y\u00fczeyleri \u00e7izilebilme, bunlar\u0131 sabit veya de\u011fere g\u00f6re renklendirme; istenmeyen de\u011ferdeki konturlar\u0131 gizleme; kontur de\u011ferine g\u00f6re \u00e7\u00f6z\u00fcma\u011f\u0131ndan eleman \u00e7\u0131karma.<\/li><li>Fiziksel \u00f6zelliklere ait vekt\u00f6rler \u00e7izilebilme, bunlar\u0131 sabit veya de\u011fere g\u00f6re renklendirme.<\/li><li>Ekran \u00fczerinde fonksiyon ya da veri bilgileri ile grafiksel \u00e7izim yap\u0131labilme ve vekt\u00f6rel formatta (ps, pdf, svg, dxf) d\u0131\u015fa aktar\u0131labilme.<\/li><li>\u0130ki boyutlu \u00e7izimleri istenen \u015fekilde kontrol ederek ka\u011f\u0131da aktarma.<\/li><li>Hesaplanan de\u011fi\u015fkenlerin \u00e7\u00f6z\u00fcma\u011f\u0131 \u00fczerindeki herhangi bir zaman ve noktadaki \u00e7\u00f6z\u00fcm de\u011ferini okuyabilme ve de\u011fi\u015fim grafi\u011fini \u00e7izebilme.<\/li><li>Se\u00e7ilen kabuk eleman gruplar\u0131 \u00fczerindeki bas\u0131n\u00e7 de\u011ferlerini entegre ederek kuvvet hesaplama.<\/li><li>Say\u0131salla\u015ft\u0131rarak grafik resimden veri \u00e7\u0131karma ve veriyi \u00e7izme (picture digitizing).<\/li><li>Zamanla de\u011fi\u015fen \u00e7\u00f6z\u00fcma\u011f\u0131n\u0131 \u00e7\u00f6z\u00fcmle birlikte \u00e7izebilme ve animasyon olarak kaydetme (mesh deformation and displacement).<\/li><\/ul><\/div>\n\t\t\t\t<\/div>\n\t\t\t\t<\/div>\n\t\t\t\t\t\t<\/div>\n\t\t\t<\/div>\n\t\t<\/div>\n\t\t\t\t\t\t<\/div>\n\t\t\t<\/div>\n\t\t<\/section>\n\t\t\t\t<section data-id=\"942cc70\" class=\"elementor-element elementor-element-942cc70 elementor-section-boxed elementor-section-height-default elementor-section-height-default elementor-section elementor-top-section\" data-element_type=\"section\">\n\t\t\t\t\t\t<div class=\"elementor-container elementor-column-gap-default\">\n\t\t\t\t<div class=\"elementor-row\">\n\t\t\t\t<div data-id=\"34b71b2\" class=\"elementor-element elementor-element-34b71b2 elementor-column elementor-col-100 elementor-top-column\" data-element_type=\"column\">\n\t\t\t<div class=\"elementor-column-wrap elementor-element-populated\">\n\t\t\t\t\t<div class=\"elementor-widget-wrap\">\n\t\t\t\t<div data-id=\"254b742\" class=\"elementor-element elementor-element-254b742 elementor-widget elementor-widget-image\" data-element_type=\"image.default\">\n\t\t\t\t<div class=\"elementor-widget-container\">\n\t\t\t\t\t<div class=\"elementor-image\">\n\t\t\t\t\t\t\t\t\t\t<img width=\"768\" height=\"461\" src=\"https:\/\/www.eda-ltd.com.tr\/wp-content\/uploads\/2015\/11\/posteda_1-768x461.png\" class=\"attachment-medium_large size-medium_large\" alt=\"\" loading=\"lazy\" srcset=\"https:\/\/www.eda-ltd.com.tr\/wp-content\/uploads\/2015\/11\/posteda_1-768x461.png 768w, https:\/\/www.eda-ltd.com.tr\/wp-content\/uploads\/2015\/11\/posteda_1-300x180.png 300w, https:\/\/www.eda-ltd.com.tr\/wp-content\/uploads\/2015\/11\/posteda_1-1024x614.png 1024w, https:\/\/www.eda-ltd.com.tr\/wp-content\/uploads\/2015\/11\/posteda_1-150x90.png 150w, https:\/\/www.eda-ltd.com.tr\/wp-content\/uploads\/2015\/11\/posteda_1-400x240.png 400w\" sizes=\"(max-width: 768px) 100vw, 768px\" \/>\t\t\t\t\t\t\t\t\t\t\t<\/div>\n\t\t\t\t<\/div>\n\t\t\t\t<\/div>\n\t\t\t\t<div data-id=\"9aff37f\" class=\"elementor-element elementor-element-9aff37f elementor-widget elementor-widget-text-editor\" data-element_type=\"text-editor.default\">\n\t\t\t\t<div class=\"elementor-widget-container\">\n\t\t\t\t\t<div class=\"elementor-text-editor elementor-clearfix\"><p style=\"color: #444444; font-size: 12px; font-weight: 300; font-family: arial; text-align: center;\">Bir balistik tasar\u0131m \u00e7al\u0131\u015fmas\u0131 s\u0131ras\u0131nda elde edilen \u00e7\u00f6z\u00fcm sonu\u00e7lar\u0131n\u0131n POSTeda (<a href=\"https:\/\/www.eda-ltd.com.tr\/index.php\/urunler\/caeeda\/\" target=\"_blank\" rel=\"noopener\">CAEeda\u2122<\/a> Son \u0130\u015flemci Mod\u00fcl\u00fc) yeteneklerinin kullan\u0131m\u0131 ile olu\u015fturulan grafik g\u00f6sterimi ve u\u00e7u\u015f sim\u00fclasyonu<\/p><\/div>\n\t\t\t\t<\/div>\n\t\t\t\t<\/div>\n\t\t\t\t\t\t<\/div>\n\t\t\t<\/div>\n\t\t<\/div>\n\t\t\t\t\t\t<\/div>\n\t\t\t<\/div>\n\t\t<\/section>\n\t\t\t\t\t\t<\/div>\n\t\t\t<\/div>\n\t\t<\/div>\n\t\t","protected":false},"excerpt":{"rendered":"<p>Son-\u0130\u015flemci Yaz\u0131l\u0131m\u0131 POSTeda; m\u00fchendislik tasar\u0131m ve analiz \u00e7al\u0131\u015fmalar\u0131n\u0131n \u00e7\u00f6z\u00fcm sonras\u0131 kontrol ve de\u011ferlendirme i\u015flemlerinin 2B ve 3B grafikler ve sim\u00fclasyonlar arac\u0131l\u0131\u011f\u0131 ile ger\u00e7ekle\u015ftirilmesine y\u00f6nelik olarak haz\u0131rlanm\u0131\u015f bir son i\u015flemci yaz\u0131l\u0131m\u0131d\u0131r. Ayn\u0131 zamanda ara\u00e7, \u00e7\u00f6z\u00fcm sonu\u00e7lar\u0131n\u0131n kullan\u0131c\u0131 istek ve ihtiya\u00e7lar\u0131na g\u00f6re y\u00f6netilmesine olanak sa\u011flamaktad\u0131r. Temel \u00d6zellikler TECPLOT ve UNV formatlar\u0131n\u0131n da aralar\u0131nda bulundu\u011fu \u00e7e\u015fitli \u00e7\u00f6z\u00fcma\u011f\u0131 formatlar\u0131ndan [&hellip;]<\/p>\n","protected":false},"author":1,"featured_media":0,"parent":741,"menu_order":47,"comment_status":"closed","ping_status":"closed","template":"","meta":[],"_links":{"self":[{"href":"https:\/\/www.eda-ltd.com.tr\/index.php\/wp-json\/wp\/v2\/pages\/3963"}],"collection":[{"href":"https:\/\/www.eda-ltd.com.tr\/index.php\/wp-json\/wp\/v2\/pages"}],"about":[{"href":"https:\/\/www.eda-ltd.com.tr\/index.php\/wp-json\/wp\/v2\/types\/page"}],"author":[{"embeddable":true,"href":"https:\/\/www.eda-ltd.com.tr\/index.php\/wp-json\/wp\/v2\/users\/1"}],"replies":[{"embeddable":true,"href":"https:\/\/www.eda-ltd.com.tr\/index.php\/wp-json\/wp\/v2\/comments?post=3963"}],"version-history":[{"count":15,"href":"https:\/\/www.eda-ltd.com.tr\/index.php\/wp-json\/wp\/v2\/pages\/3963\/revisions"}],"predecessor-version":[{"id":4477,"href":"https:\/\/www.eda-ltd.com.tr\/index.php\/wp-json\/wp\/v2\/pages\/3963\/revisions\/4477"}],"up":[{"embeddable":true,"href":"https:\/\/www.eda-ltd.com.tr\/index.php\/wp-json\/wp\/v2\/pages\/741"}],"wp:attachment":[{"href":"https:\/\/www.eda-ltd.com.tr\/index.php\/wp-json\/wp\/v2\/media?parent=3963"}],"curies":[{"name":"wp","href":"https:\/\/api.w.org\/{rel}","templated":true}]}}