{"id":3943,"date":"2018-11-27T14:18:39","date_gmt":"2018-11-27T12:18:39","guid":{"rendered":"http:\/\/www.eda-ltd.com.tr\/?page_id=3943"},"modified":"2021-06-04T13:44:00","modified_gmt":"2021-06-04T11:44:00","slug":"mesheda-2","status":"publish","type":"page","link":"https:\/\/www.eda-ltd.com.tr\/index.php\/urunler\/mesheda-2\/","title":{"rendered":"MESHeda"},"content":{"rendered":"\t\t<div class=\"elementor elementor-3943\">\n\t\t\t<div class=\"elementor-inner\">\n\t\t\t\t<div class=\"elementor-section-wrap\">\n\t\t\t\t\t\t\t<section data-id=\"a8cd580\" class=\"elementor-element elementor-element-a8cd580 elementor-section-boxed elementor-section-height-default elementor-section-height-default elementor-section elementor-top-section\" data-element_type=\"section\">\n\t\t\t\t\t\t<div class=\"elementor-container elementor-column-gap-default\">\n\t\t\t\t<div class=\"elementor-row\">\n\t\t\t\t<div data-id=\"67b7524\" class=\"elementor-element elementor-element-67b7524 elementor-column elementor-col-100 elementor-top-column\" data-element_type=\"column\">\n\t\t\t<div class=\"elementor-column-wrap elementor-element-populated\">\n\t\t\t\t\t<div class=\"elementor-widget-wrap\">\n\t\t\t\t<div data-id=\"bd7b94f\" class=\"elementor-element elementor-element-bd7b94f elementor-widget elementor-widget-text-editor\" data-element_type=\"text-editor.default\">\n\t\t\t\t<div class=\"elementor-widget-container\">\n\t\t\t\t\t<div class=\"elementor-text-editor elementor-clearfix\"><p lang=\"tr-TR\" style=\"font-weight: 600; font-family: garamond; font-style: italic; color: black;\">\u00c7\u00f6z\u00fcma\u011f\u0131 Yaz\u0131l\u0131m\u0131<\/p><\/div>\n\t\t\t\t<\/div>\n\t\t\t\t<\/div>\n\t\t\t\t\t\t<\/div>\n\t\t\t<\/div>\n\t\t<\/div>\n\t\t\t\t\t\t<\/div>\n\t\t\t<\/div>\n\t\t<\/section>\n\t\t\t\t<section data-id=\"0ead3cf\" class=\"elementor-element elementor-element-0ead3cf elementor-section-boxed elementor-section-height-default elementor-section-height-default elementor-section elementor-top-section\" data-element_type=\"section\">\n\t\t\t\t\t\t<div class=\"elementor-container elementor-column-gap-default\">\n\t\t\t\t<div class=\"elementor-row\">\n\t\t\t\t<div data-id=\"b3b246e\" class=\"elementor-element elementor-element-b3b246e elementor-column elementor-col-100 elementor-top-column\" data-element_type=\"column\">\n\t\t\t<div class=\"elementor-column-wrap elementor-element-populated\">\n\t\t\t\t\t<div class=\"elementor-widget-wrap\">\n\t\t\t\t<div data-id=\"1b56745\" class=\"elementor-element elementor-element-1b56745 elementor-widget elementor-widget-text-editor\" data-element_type=\"text-editor.default\">\n\t\t\t\t<div class=\"elementor-widget-container\">\n\t\t\t\t\t<div class=\"elementor-text-editor elementor-clearfix\"><p lang=\"tr-TR\" style=\"font-size: 13px; font-family: arial; color: #444444;\">MESHeda ; parametrik olarak tan\u0131mlanm\u0131\u015f ya da \u00fc\u00e7genlenmi\u015f y\u00fczeylerden hareket ile 2B ve 3B d\u00fczenli (structured) ya da d\u00fczensiz (unstructured) y\u00fczey ve hacim \u00e7\u00f6z\u00fcma\u011flar\u0131n\u0131n \u00fcretilmesi ve mevcut \u00e7\u00f6z\u00fcma\u011flar\u0131n\u0131n ilgili parametrik tan\u0131mlamalar yap\u0131larak iyile\u015ftirilmesine y\u00f6nelik olarak geli\u015ftirilmi\u015f bir \u00e7\u00f6z\u00fcma\u011f\u0131 \u00fcretme yaz\u0131l\u0131m\u0131d\u0131r.<\/p>\n\n<p lang=\"tr-TR\" style=\"font-size: 13px; font-family: arial; color: #444444;\">Yap\u0131sal\/termal sonlu eleman ve Euler\/Navier-Stokes sonlu hacim ak\u0131\u015f \u00e7\u00f6z\u00fcmleri i\u00e7in kullan\u0131lan MESHeda, CAEeda\u2122 \u00f6n-i\u015flemci mod\u00fcl\u00fc (PREeda) ile etkile\u015fimli \u00e7al\u0131\u015farak s\u0131n\u0131r \u015fartlar\u0131 ve malzeme \u00f6zelliklerinin kullan\u0131c\u0131 taraf\u0131ndan kolayl\u0131kla tan\u0131mlanmas\u0131na yard\u0131mc\u0131 olmakta, paralel \u00e7\u00f6z\u00fcmler i\u00e7in \u00e7\u00f6z\u00fcma\u011f\u0131n\u0131 b\u00f6l\u00fcmlere ayr\u0131\u015ft\u0131rabilmektedir.<\/p>\n\n<p lang=\"tr-TR\" style=\"font-size: 13px; font-family: arial; color: #444444;\">CAEeda\u2122 \u00e7at\u0131s\u0131 alt\u0131nda bulunan tasar\u0131m otomasyon ve optimizasyon mod\u00fcl\u00fc (OPTIMIZER) y\u00f6netiminde, geometri olu\u015fturma (CADeda) ve \u00e7\u00f6z\u00fcc\u00fc mod\u00fcl yaz\u0131l\u0131mlar (SOLVERS) ile etkile\u015fimli olarak \u00e7al\u0131\u015ft\u0131r\u0131labilen yaz\u0131l\u0131m sayesinde otomatik \u00e7\u00f6z\u00fcma\u011f\u0131 \u00fcretilebilmektedir.<\/p>\n\n<p lang=\"tr-TR\" style=\"font-size: 13px; font-family: arial; color: #444444;\">MESHeda, di\u011fer EDA yaz\u0131l\u0131m \u00fcr\u00fcnlerine benzer \u015fekilde, kullan\u0131c\u0131 istek ve ihtiya\u00e7lar\u0131na ba\u011fl\u0131 olarak \u00f6zelle\u015ftirilebilmektedir.<\/p><\/div>\n\t\t\t\t<\/div>\n\t\t\t\t<\/div>\n\t\t\t\t\t\t<\/div>\n\t\t\t<\/div>\n\t\t<\/div>\n\t\t\t\t\t\t<\/div>\n\t\t\t<\/div>\n\t\t<\/section>\n\t\t\t\t<section data-id=\"dd06bd5\" class=\"elementor-element elementor-element-dd06bd5 elementor-section-boxed elementor-section-height-default elementor-section-height-default elementor-section elementor-top-section\" data-element_type=\"section\">\n\t\t\t\t\t\t<div class=\"elementor-container elementor-column-gap-default\">\n\t\t\t\t<div class=\"elementor-row\">\n\t\t\t\t<div data-id=\"f12615a\" class=\"elementor-element elementor-element-f12615a elementor-column elementor-col-100 elementor-top-column\" data-element_type=\"column\">\n\t\t\t<div class=\"elementor-column-wrap elementor-element-populated\">\n\t\t\t\t\t<div class=\"elementor-widget-wrap\">\n\t\t\t\t<div data-id=\"490aa23\" class=\"elementor-element elementor-element-490aa23 elementor-widget elementor-widget-text-editor\" data-element_type=\"text-editor.default\">\n\t\t\t\t<div class=\"elementor-widget-container\">\n\t\t\t\t\t<div class=\"elementor-text-editor elementor-clearfix\"><a style=\"color: #c0c0c0; font-size: 1.7em; font-weight: 100; font-family: arial;\">Temel \u00d6zellikler<\/a>\n\n<hr style=\"margin-top: 10px; border-width: 1px;\" \/><\/div>\n\t\t\t\t<\/div>\n\t\t\t\t<\/div>\n\t\t\t\t\t\t<\/div>\n\t\t\t<\/div>\n\t\t<\/div>\n\t\t\t\t\t\t<\/div>\n\t\t\t<\/div>\n\t\t<\/section>\n\t\t\t\t<section data-id=\"59120a1\" class=\"elementor-element elementor-element-59120a1 elementor-section-boxed elementor-section-height-default elementor-section-height-default elementor-section elementor-top-section\" data-element_type=\"section\">\n\t\t\t\t\t\t<div class=\"elementor-container elementor-column-gap-default\">\n\t\t\t\t<div class=\"elementor-row\">\n\t\t\t\t<div data-id=\"37fdfe4\" class=\"elementor-element elementor-element-37fdfe4 elementor-column elementor-col-100 elementor-top-column\" data-element_type=\"column\">\n\t\t\t<div class=\"elementor-column-wrap elementor-element-populated\">\n\t\t\t\t\t<div class=\"elementor-widget-wrap\">\n\t\t\t\t<div data-id=\"c3a5344\" class=\"elementor-element elementor-element-c3a5344 elementor-widget elementor-widget-text-editor\" data-element_type=\"text-editor.default\">\n\t\t\t\t<div class=\"elementor-widget-container\">\n\t\t\t\t\t<div class=\"elementor-text-editor elementor-clearfix\"><ul style=\"font-family: arial; font-size: 13px; color: #444444; margin-top: 0px; margin-bottom: 0px;\">\n \t<li><span style=\"font-size: small;\">3B D\u00fczensiz \u00c7\u00f6z\u00fcma\u011f\u0131<\/span>\n<ul style=\"font-family: arial; font-size: 13px; color: #444444; margin-top: 0px; list-style: circle; margin-bottom: 0px;\">\n \t<li>Parametrik \u00e7\u00f6z\u00fcma\u011f\u0131 (parametric unstructured mesh generation)<\/li>\n \t<li>Y\u00fczey \u00e7\u00f6z\u00fcma\u011f\u0131ndan kaliteli \u00e7\u00f6z\u00fcma\u011f\u0131 (surface remeshing by quality mesh generation)<\/li>\n<\/ul>\n<\/li>\n \t<li><span style=\"font-size: small;\">3B D\u00fczenli \u00c7\u00f6z\u00fcma\u011f\u0131<\/span>\n<ul style=\"font-family: arial; font-size: 13px; color: #444444; margin-top: 0px; list-style: circle; margin-bottom: 0px;\">\n \t<li>Cebirsel (Algebraic)<\/li>\n \t<li>Kontroll\u00fc Eliptik (Controllable Eliptic)<\/li>\n<\/ul>\n<\/li>\n \t<li>3B Prizmatik \u00c7\u00f6z\u00fcma\u011f\u0131 (Advancing Layer)\n<ul style=\"font-family: arial; font-size: 13px; color: #444444; margin-top: 0px; list-style: circle; margin-bottom: 0px;\">\n \t<li>D\u00f6rt y\u00fczl\u00fc (Tetrahedron)<\/li>\n \t<li>Be\u015f y\u00fczl\u00fc (Wedge)<\/li>\n \t<li>Alt\u0131 y\u00fczl\u00fc (Hexahedron)<\/li>\n<\/ul>\n<\/li>\n \t<li>Dinamik deformasyon, seyreltme ve zenginle\u015ftirme y\u00f6ntemleri kullanarak kendisini hareketli y\u00fczeylere ve \u00e7\u00f6z\u00fcme g\u00f6re uydurma.<\/li>\n \t<li>Yayg\u0131n kullan\u0131lan \u00e7\u00f6z\u00fcma\u011f\u0131 formatlar\u0131n\u0131 i\u00e7e-d\u0131\u015fa aktarma (TECPLOT, FLUENT, GAMBIT, FASTRAN, I-DEAS, ANSYS, NASTRAN, MEDIT, Vgrid3D).<\/li>\n \t<li>Farkl\u0131 eleman tiplerini destekleme (tetrahedral, hexahedral, wedge type, pyramidal, quadrilateral, triangular, line elements &amp; nonlinear FEM elements).<\/li>\n \t<li>Parametrik y\u00fczey geometrisinde (y\u00fczey CAD modeli, patch) \u00e7\u00f6z\u00fcma\u011f\u0131 \u00fcretme<\/li>\n \t<li>Nokta k\u00fcmesinden \u00e7\u00f6z\u00fcma\u011f\u0131 \u00fcretme (point cloud)<\/li>\n \t<li>Kolay b\u00f6lgesel a\u011f \u00fcretme, kayna\u015ft\u0131rma, \u00f6l\u00e7eklendirme<\/li>\n \t<li>Genel eleman uzunlu\u011fu, b\u00f6lgesel eleman uzunlu\u011fu tan\u0131mlayarak, arka plan \u00e7\u00f6z\u00fcma\u011f\u0131, kontrol noktalar\u0131 ve \u00e7izgileri kullanarak kontroll\u00fc kaliteli \u00e7\u00f6z\u00fcma\u011f\u0131 \u00fcretebilme.<\/li>\n \t<li>Y\u00fczey geometrisini koruyarak yumu\u015fatma, s\u0131kla\u015ft\u0131rma, seyrekle\u015ftirme, kalitesini art\u0131rma<\/li>\n \t<li>Y\u00fczey elemanlar\u0131ndan uzatarak (extrude) ve d\u00f6nd\u00fcrerek (revolve) hacim elemanlar\u0131 \u00fcretme<\/li>\n \t<li>Dinamik \u00e7\u00f6z\u00fcma\u011f\u0131 k\u0131rpma (mesh clipping).<\/li>\n \t<li>Kolay ta\u015f\u0131ma (transform), d\u00f6nd\u00fcrme (rotate) ve simetri alma.<\/li>\n \t<li>Kolay b\u00f6lgesel a\u011f \u00fcretme (local remeshing), kayna\u015ft\u0131rma (merge), \u00f6l\u00e7eklendirme (scale), silme ve kopyalama.<\/li>\n \t<li>Farkl\u0131 \u00e7\u00f6z\u00fcc\u00fcler ile senkronize halde \u00e7al\u0131\u015fabilme (\u00e7\u00f6z\u00fcme uygun otomatik s\u0131kla\u015ft\u0131rma ve hareketli s\u0131n\u0131rlar\u0131 takip etme)<\/li>\n<\/ul><\/div>\n\t\t\t\t<\/div>\n\t\t\t\t<\/div>\n\t\t\t\t\t\t<\/div>\n\t\t\t<\/div>\n\t\t<\/div>\n\t\t\t\t\t\t<\/div>\n\t\t\t<\/div>\n\t\t<\/section>\n\t\t\t\t<section data-id=\"c368403\" class=\"elementor-element elementor-element-c368403 elementor-section-boxed elementor-section-height-default elementor-section-height-default elementor-section elementor-top-section\" data-element_type=\"section\">\n\t\t\t\t\t\t<div class=\"elementor-container elementor-column-gap-default\">\n\t\t\t\t<div class=\"elementor-row\">\n\t\t\t\t<div data-id=\"94d3798\" class=\"elementor-element elementor-element-94d3798 elementor-column elementor-col-100 elementor-top-column\" data-element_type=\"column\">\n\t\t\t<div class=\"elementor-column-wrap elementor-element-populated\">\n\t\t\t\t\t<div class=\"elementor-widget-wrap\">\n\t\t\t\t<section data-id=\"eb2140e\" class=\"elementor-element elementor-element-eb2140e elementor-section-boxed elementor-section-height-default elementor-section-height-default elementor-section elementor-inner-section\" data-element_type=\"section\">\n\t\t\t\t\t\t<div class=\"elementor-container elementor-column-gap-default\">\n\t\t\t\t<div class=\"elementor-row\">\n\t\t\t\t<div data-id=\"cfb32e0\" class=\"elementor-element elementor-element-cfb32e0 elementor-column elementor-col-50 elementor-inner-column\" data-element_type=\"column\">\n\t\t\t<div class=\"elementor-column-wrap elementor-element-populated\">\n\t\t\t\t\t<div class=\"elementor-widget-wrap\">\n\t\t\t\t<div data-id=\"60facfa\" class=\"elementor-element elementor-element-60facfa elementor-widget elementor-widget-image\" data-element_type=\"image.default\">\n\t\t\t\t<div class=\"elementor-widget-container\">\n\t\t\t\t\t<div class=\"elementor-image\">\n\t\t\t\t\t\t\t\t\t\t<img width=\"980\" height=\"685\" src=\"https:\/\/www.eda-ltd.com.tr\/wp-content\/uploads\/2011\/06\/mesheda_1-e1529677022636-1024x716.png\" class=\"attachment-large size-large\" alt=\"\" loading=\"lazy\" srcset=\"https:\/\/www.eda-ltd.com.tr\/wp-content\/uploads\/2011\/06\/mesheda_1-e1529677022636-1024x716.png 1024w, https:\/\/www.eda-ltd.com.tr\/wp-content\/uploads\/2011\/06\/mesheda_1-e1529677022636-300x210.png 300w, https:\/\/www.eda-ltd.com.tr\/wp-content\/uploads\/2011\/06\/mesheda_1-e1529677022636-768x537.png 768w, https:\/\/www.eda-ltd.com.tr\/wp-content\/uploads\/2011\/06\/mesheda_1-e1529677022636-150x105.png 150w, https:\/\/www.eda-ltd.com.tr\/wp-content\/uploads\/2011\/06\/mesheda_1-e1529677022636-400x280.png 400w\" sizes=\"(max-width: 980px) 100vw, 980px\" \/>\t\t\t\t\t\t\t\t\t\t\t<\/div>\n\t\t\t\t<\/div>\n\t\t\t\t<\/div>\n\t\t\t\t<div data-id=\"350539a\" class=\"elementor-element elementor-element-350539a elementor-widget elementor-widget-text-editor\" data-element_type=\"text-editor.default\">\n\t\t\t\t<div class=\"elementor-widget-container\">\n\t\t\t\t\t<div class=\"elementor-text-editor elementor-clearfix\"><p style=\"text-align: center; color: #444444; font-size: 12px; font-weight: 300; font-family: arial;\">Harici y\u00fck ayr\u0131lmas\u0131 probleminin \u00e7\u00f6z\u00fcm\u00fcne y\u00f6nelik olarak MESHeda (<a href=\"https:\/\/www.eda-ltd.com.tr\/index.php\/caeeda\/\" target=\"_blank\" rel=\"noopener\">CAEeda\u2122<\/a>) \u00c7\u00f6z\u00fcma\u011f\u0131 \u00dcretme Mod\u00fcl\u00fc) kullan\u0131larak \u00fcretilmi\u015f \u00e7\u00f6z\u00fcma\u011f\u0131<\/p><\/div>\n\t\t\t\t<\/div>\n\t\t\t\t<\/div>\n\t\t\t\t\t\t<\/div>\n\t\t\t<\/div>\n\t\t<\/div>\n\t\t\t\t<div data-id=\"339e90b\" class=\"elementor-element elementor-element-339e90b elementor-column elementor-col-50 elementor-inner-column\" data-element_type=\"column\">\n\t\t\t<div class=\"elementor-column-wrap elementor-element-populated\">\n\t\t\t\t\t<div class=\"elementor-widget-wrap\">\n\t\t\t\t<div data-id=\"681150b\" class=\"elementor-element elementor-element-681150b elementor-widget elementor-widget-image\" data-element_type=\"image.default\">\n\t\t\t\t<div class=\"elementor-widget-container\">\n\t\t\t\t\t<div class=\"elementor-image\">\n\t\t\t\t\t\t\t\t\t\t<img width=\"980\" height=\"751\" src=\"https:\/\/www.eda-ltd.com.tr\/wp-content\/uploads\/2011\/06\/mesheda_2-e1529677064996-1024x785.png\" class=\"attachment-large size-large\" alt=\"\" loading=\"lazy\" srcset=\"https:\/\/www.eda-ltd.com.tr\/wp-content\/uploads\/2011\/06\/mesheda_2-e1529677064996-1024x785.png 1024w, https:\/\/www.eda-ltd.com.tr\/wp-content\/uploads\/2011\/06\/mesheda_2-e1529677064996-300x230.png 300w, https:\/\/www.eda-ltd.com.tr\/wp-content\/uploads\/2011\/06\/mesheda_2-e1529677064996-768x589.png 768w, https:\/\/www.eda-ltd.com.tr\/wp-content\/uploads\/2011\/06\/mesheda_2-e1529677064996-150x115.png 150w, https:\/\/www.eda-ltd.com.tr\/wp-content\/uploads\/2011\/06\/mesheda_2-e1529677064996-400x307.png 400w\" sizes=\"(max-width: 980px) 100vw, 980px\" \/>\t\t\t\t\t\t\t\t\t\t\t<\/div>\n\t\t\t\t<\/div>\n\t\t\t\t<\/div>\n\t\t\t\t<div data-id=\"4599a73\" class=\"elementor-element elementor-element-4599a73 elementor-widget elementor-widget-text-editor\" data-element_type=\"text-editor.default\">\n\t\t\t\t<div class=\"elementor-widget-container\">\n\t\t\t\t\t<div class=\"elementor-text-editor elementor-clearfix\"><p style=\"text-align: center; color: #444444; font-size: 12px; font-weight: 300; font-family: arial;\">MESHeda (<a href=\"https:\/\/www.eda-ltd.com.tr\/index.php\/caeeda\/\" target=\"_blank\" rel=\"noopener\">CAEeda\u2122<\/a>) \u00c7\u00f6z\u00fcma\u011f\u0131 \u00dcretme Mod\u00fcl\u00fc) otomatik bo\u015faltma ve doldurma yetene\u011fi kullan\u0131larak olu\u015fturulan u\u00e7ak kanad\u0131 \u00e7\u00f6z\u00fcma\u011f\u0131na bomba \u00e7\u00f6z\u00fcma\u011f\u0131 yamas\u0131<\/p><\/div>\n\t\t\t\t<\/div>\n\t\t\t\t<\/div>\n\t\t\t\t\t\t<\/div>\n\t\t\t<\/div>\n\t\t<\/div>\n\t\t\t\t\t\t<\/div>\n\t\t\t<\/div>\n\t\t<\/section>\n\t\t\t\t\t\t<\/div>\n\t\t\t<\/div>\n\t\t<\/div>\n\t\t\t\t\t\t<\/div>\n\t\t\t<\/div>\n\t\t<\/section>\n\t\t\t\t<section data-id=\"c6a6bbf\" class=\"elementor-element elementor-element-c6a6bbf elementor-section-boxed elementor-section-height-default elementor-section-height-default elementor-section elementor-top-section\" data-element_type=\"section\">\n\t\t\t\t\t\t<div class=\"elementor-container elementor-column-gap-default\">\n\t\t\t\t<div class=\"elementor-row\">\n\t\t\t\t<div data-id=\"e269dc2\" class=\"elementor-element elementor-element-e269dc2 elementor-column elementor-col-100 elementor-top-column\" data-element_type=\"column\">\n\t\t\t<div class=\"elementor-column-wrap elementor-element-populated\">\n\t\t\t\t\t<div class=\"elementor-widget-wrap\">\n\t\t\t\t<div data-id=\"1f67219\" class=\"elementor-element elementor-element-1f67219 elementor-widget elementor-widget-text-editor\" data-element_type=\"text-editor.default\">\n\t\t\t\t<div class=\"elementor-widget-container\">\n\t\t\t\t\t<div class=\"elementor-text-editor elementor-clearfix\"><ul style=\"font-family: arial; font-size: 13px; color: #444444; margin-top: 0px; margin-bottom: 0px; text-align:left; margin-top:-20px;\">\n \t<li>Genel eleman uzunlu\u011fu (global element lenght), b\u00f6lgesel eleman uzunlu\u011fu (local element length), Steiner noktalar\u0131, kontrol noktalar\u0131, kontrol \u00e7izgileri ve arka plan \u00e7\u00f6z\u00fcma\u011f\u0131 (background mesh) kullanarak \u00e7ok kontroll\u00fc kaliteli \u00e7\u00f6z\u00fcma\u011f\u0131 \u00fcretebilme<\/li>\n \t<li>Kolay b\u00f6lgesel a\u011f \u00fcretme (local remeshing), kayna\u015ft\u0131rma (merge), \u00f6l\u00e7eklendirme (scale), silme ve kopyalama<\/li>\n \t<li>Normal vekt\u00f6r\u00fcne veya &#8220;bandwith&#8221; optimizasyonuna g\u00f6re yeniden numaraland\u0131rma<\/li>\n \t<li>Hareketli y\u00fczeylere kendini uydurma (dynamically deforming)<\/li>\n \t<li>\u00c7\u00f6z\u00fcme uygun otomatik adaptasyon (s\u0131kla\u015ft\u0131rma &#8211; seyreltme, yakla\u015fma &#8211; uzakla\u015fma)<\/li>\n \t<li>Farkl\u0131 \u00e7\u00f6z\u00fcc\u00fcler ile senkronize halde \u00e7al\u0131\u015fabilme (\u00e7\u00f6z\u00fcme uygun otomatik s\u0131kla\u015ft\u0131rma ve hareketli s\u0131n\u0131rlar\u0131 takip etme)<\/li>\n \t<li>&#8220;Advancing Layer Method&#8221; kullan\u0131larak, d\u00f6rty\u00fczl\u00fc ya da kama t\u00fcr\u00fc alt\u0131 y\u00fczl\u00fc elemanlar ile s\u0131n\u0131r tabaka \u00e7\u00f6z\u00fcma\u011f\u0131 \u00fcretilebilme<\/li>\n \t<li>Gerekli \u00e7\u00f6z\u00fcma\u011f\u0131 kalite bilgilerini listeleme ve belirli kriterin sa\u011flamayanlar\u0131 g\u00f6r\u00fcnt\u00fcleme, kalite bilgilerini istatistiksel olarak alma ve kaydetme<\/li>\n \t<li>Uzunluk, alan, hacim, a\u00e7\u0131kl\u0131k oran\u0131 (aspect ratio), s\u00fcnme (strech), \u00e7arp\u0131kl\u0131k (skewness), burulma (distortion)<\/li>\n \t<li>\u00c7ak\u0131\u015f\u0131k d\u00fc\u011f\u00fcmler (coincident nodes), serbest kenar ve y\u00fczeyleri (free edges ve faces), y\u00fczey eleman normal y\u00f6nlerini bulma ve otomatik d\u00fczeltme<\/li>\n \t<li>Kolay kullan\u0131m \u00f6zelli\u011fi<\/li>\n<\/ul><\/div>\n\t\t\t\t<\/div>\n\t\t\t\t<\/div>\n\t\t\t\t\t\t<\/div>\n\t\t\t<\/div>\n\t\t<\/div>\n\t\t\t\t\t\t<\/div>\n\t\t\t<\/div>\n\t\t<\/section>\n\t\t\t\t<section data-id=\"47adeb4\" class=\"elementor-element elementor-element-47adeb4 elementor-section-boxed elementor-section-height-default elementor-section-height-default elementor-section elementor-top-section\" data-element_type=\"section\">\n\t\t\t\t\t\t<div class=\"elementor-container elementor-column-gap-default\">\n\t\t\t\t<div class=\"elementor-row\">\n\t\t\t\t<div data-id=\"4263bee\" class=\"elementor-element elementor-element-4263bee elementor-column elementor-col-100 elementor-top-column\" data-element_type=\"column\">\n\t\t\t<div class=\"elementor-column-wrap elementor-element-populated\">\n\t\t\t\t\t<div class=\"elementor-widget-wrap\">\n\t\t\t\t<div data-id=\"d6eb7d1\" class=\"elementor-element elementor-element-d6eb7d1 elementor-widget elementor-widget-image\" data-element_type=\"image.default\">\n\t\t\t\t<div class=\"elementor-widget-container\">\n\t\t\t\t\t<div class=\"elementor-image\">\n\t\t\t\t\t\t\t\t\t\t<img width=\"503\" height=\"272\" src=\"https:\/\/www.eda-ltd.com.tr\/wp-content\/uploads\/2011\/06\/mesheda_3.png\" class=\"attachment-large size-large\" alt=\"\" loading=\"lazy\" srcset=\"https:\/\/www.eda-ltd.com.tr\/wp-content\/uploads\/2011\/06\/mesheda_3.png 503w, https:\/\/www.eda-ltd.com.tr\/wp-content\/uploads\/2011\/06\/mesheda_3-300x162.png 300w, https:\/\/www.eda-ltd.com.tr\/wp-content\/uploads\/2011\/06\/mesheda_3-150x81.png 150w, https:\/\/www.eda-ltd.com.tr\/wp-content\/uploads\/2011\/06\/mesheda_3-400x216.png 400w\" sizes=\"(max-width: 503px) 100vw, 503px\" \/>\t\t\t\t\t\t\t\t\t\t\t<\/div>\n\t\t\t\t<\/div>\n\t\t\t\t<\/div>\n\t\t\t\t<div data-id=\"067a676\" class=\"elementor-element elementor-element-067a676 elementor-widget elementor-widget-text-editor\" data-element_type=\"text-editor.default\">\n\t\t\t\t<div class=\"elementor-widget-container\">\n\t\t\t\t\t<div class=\"elementor-text-editor elementor-clearfix\"><p style=\"text-align: center; color: #444444; font-size: 12px; font-weight: 300; font-family: arial; margin-top: -15px;\">Yolcu u\u00e7a\u011f\u0131 etraf\u0131nda Delaunay metodu ile \u00fcretilmi\u015f d\u00fczensiz \u00e7\u00f6z\u00fcma\u011f\u0131 ve Advancing Layer kullan\u0131larak yap\u0131lm\u0131\u015f s\u0131n\u0131r tabaka \u00e7\u00f6z\u00fcma\u011f\u0131 (k\u00fc\u00e7\u00fck resim)<\/p><\/div>\n\t\t\t\t<\/div>\n\t\t\t\t<\/div>\n\t\t\t\t\t\t<\/div>\n\t\t\t<\/div>\n\t\t<\/div>\n\t\t\t\t\t\t<\/div>\n\t\t\t<\/div>\n\t\t<\/section>\n\t\t\t\t\t\t<\/div>\n\t\t\t<\/div>\n\t\t<\/div>\n\t\t","protected":false},"excerpt":{"rendered":"<p>\u00c7\u00f6z\u00fcma\u011f\u0131 Yaz\u0131l\u0131m\u0131 MESHeda ; parametrik olarak tan\u0131mlanm\u0131\u015f ya da \u00fc\u00e7genlenmi\u015f y\u00fczeylerden hareket ile 2B ve 3B d\u00fczenli (structured) ya da d\u00fczensiz (unstructured) y\u00fczey ve hacim \u00e7\u00f6z\u00fcma\u011flar\u0131n\u0131n \u00fcretilmesi ve mevcut \u00e7\u00f6z\u00fcma\u011flar\u0131n\u0131n ilgili parametrik tan\u0131mlamalar yap\u0131larak iyile\u015ftirilmesine y\u00f6nelik olarak geli\u015ftirilmi\u015f bir \u00e7\u00f6z\u00fcma\u011f\u0131 \u00fcretme yaz\u0131l\u0131m\u0131d\u0131r. Yap\u0131sal\/termal sonlu eleman ve Euler\/Navier-Stokes sonlu hacim ak\u0131\u015f \u00e7\u00f6z\u00fcmleri i\u00e7in kullan\u0131lan MESHeda, CAEeda\u2122 [&hellip;]<\/p>\n","protected":false},"author":1,"featured_media":0,"parent":741,"menu_order":42,"comment_status":"closed","ping_status":"closed","template":"","meta":[],"_links":{"self":[{"href":"https:\/\/www.eda-ltd.com.tr\/index.php\/wp-json\/wp\/v2\/pages\/3943"}],"collection":[{"href":"https:\/\/www.eda-ltd.com.tr\/index.php\/wp-json\/wp\/v2\/pages"}],"about":[{"href":"https:\/\/www.eda-ltd.com.tr\/index.php\/wp-json\/wp\/v2\/types\/page"}],"author":[{"embeddable":true,"href":"https:\/\/www.eda-ltd.com.tr\/index.php\/wp-json\/wp\/v2\/users\/1"}],"replies":[{"embeddable":true,"href":"https:\/\/www.eda-ltd.com.tr\/index.php\/wp-json\/wp\/v2\/comments?post=3943"}],"version-history":[{"count":24,"href":"https:\/\/www.eda-ltd.com.tr\/index.php\/wp-json\/wp\/v2\/pages\/3943\/revisions"}],"predecessor-version":[{"id":4472,"href":"https:\/\/www.eda-ltd.com.tr\/index.php\/wp-json\/wp\/v2\/pages\/3943\/revisions\/4472"}],"up":[{"embeddable":true,"href":"https:\/\/www.eda-ltd.com.tr\/index.php\/wp-json\/wp\/v2\/pages\/741"}],"wp:attachment":[{"href":"https:\/\/www.eda-ltd.com.tr\/index.php\/wp-json\/wp\/v2\/media?parent=3943"}],"curies":[{"name":"wp","href":"https:\/\/api.w.org\/{rel}","templated":true}]}}