{"id":2282,"date":"2018-06-11T17:31:08","date_gmt":"2018-06-11T15:31:08","guid":{"rendered":"http:\/\/www.eda-ltd.com.tr\/?page_id=2282"},"modified":"2021-05-07T16:26:44","modified_gmt":"2021-05-07T14:26:44","slug":"analiz","status":"publish","type":"page","link":"https:\/\/www.eda-ltd.com.tr\/index.php\/faaliyetler\/tasarim-analiz\/analiz\/","title":{"rendered":"Analiz"},"content":{"rendered":"<p style=\"font-size: 13px;\">EDA, faaliyet alan\u0131na giren makine ve havac\u0131l\u0131k m\u00fchendisli\u011fi konular\u0131nda yapt\u0131\u011f\u0131 tasar\u0131m \u00e7al\u0131\u015fmalar\u0131 kapsam\u0131nda ya da ba\u011f\u0131ms\u0131z olarak m\u00fchendislik analiz \u00e7al\u0131\u015fmalar\u0131 y\u00fcr\u00fctmektedir.<\/p>\n<p style=\"font-size: 13px;\"><a href=\"https:\/\/www.eda-ltd.com.tr\/index.php\/tasarim-analiz\/\" target=\"_blank\" rel=\"noopener\">Tasar\u0131m \u00e7al\u0131\u015fmalar\u0131na<\/a> benzer \u015fekilde, analiz \u00e7al\u0131\u015fmalar\u0131n\u0131 geli\u015ftirdi\u011fi <a href=\"https:\/\/www.eda-ltd.com.tr\/index.php\/caeeda\/\" target=\"_blank\" rel=\"noopener\">bilgisayar destekli m\u00fchendislik yaz\u0131l\u0131m\u0131 CAEeda\u2122<\/a> ile ger\u00e7ekle\u015ftiren EDA; bu \u00e7al\u0131\u015fmalar\u0131 CAEeda\u2122\u2019n\u0131n farkl\u0131 analiz konular\u0131na y\u00f6nelik, \u00f6zel olarak haz\u0131rlanm\u0131\u015f mod\u00fclleri sayesinde ba\u011f\u0131ms\u0131z bir platform \u00fczerinde t\u00fcm a\u015famalar\u0131 ile birlikte ve \u00e7e\u015fitli hassasiyet d\u00fczeylerinde yapabilme yetene\u011fine sahiptir.<\/p>\n<p style=\"color: #d6d6d6; text-align: right; margin-left: 0px; margin-bottom: 0px; font-size: 30px;\"><span style=\"color: #c0c0c0;\">Konular<\/span><\/p>\n<hr style=\"margin-top: 10px; border: solid #d6d6d6; border-width: 1px 0 0; margin-bottom: 30px;\" \/>\n<ul style=\"margin-bottom: 10px; font-size: 13px;\">\n<li><a href=\"https:\/\/www.eda-ltd.com.tr\/index.php\/urunler\/fapeda-2\/\" target=\"_blank\" rel=\"noopener\">Bilgisayar Hesaplamal\u0131 Ak\u0131\u015fkanlar Dinami\u011fi (CFD)<\/a><\/li>\n<li>\u00c7oklu Fizik Sim\u00fclasyonlar\u0131<\/li>\n<li>Bilgisayar Hesaplamal\u0131 Is\u0131 Transferi<\/li>\n<li><a href=\"https:\/\/www.eda-ltd.com.tr\/index.php\/sapeda\/\" target=\"_blank\" rel=\"noopener\">Bilgisayar Hesaplamal\u0131 Yap\u0131sal Dinamik (CSD)<\/a><\/li>\n<li>6DOF Y\u00f6r\u00fcnge ve U\u00e7u\u015f Kararl\u0131l\u0131\u011f\u0131 Hesaplamalar\u0131<\/li>\n<li>Harici Y\u00fck Ayr\u0131lmas\u0131<\/li>\n<\/ul>\n","protected":false},"excerpt":{"rendered":"<p>EDA, faaliyet alan\u0131na giren makine ve havac\u0131l\u0131k m\u00fchendisli\u011fi konular\u0131nda yapt\u0131\u011f\u0131 tasar\u0131m \u00e7al\u0131\u015fmalar\u0131 kapsam\u0131nda ya da ba\u011f\u0131ms\u0131z olarak m\u00fchendislik analiz \u00e7al\u0131\u015fmalar\u0131 y\u00fcr\u00fctmektedir. Tasar\u0131m \u00e7al\u0131\u015fmalar\u0131na benzer \u015fekilde, analiz \u00e7al\u0131\u015fmalar\u0131n\u0131 geli\u015ftirdi\u011fi bilgisayar destekli m\u00fchendislik yaz\u0131l\u0131m\u0131 CAEeda\u2122 ile ger\u00e7ekle\u015ftiren EDA; bu \u00e7al\u0131\u015fmalar\u0131 CAEeda\u2122\u2019n\u0131n farkl\u0131 analiz konular\u0131na y\u00f6nelik, \u00f6zel olarak haz\u0131rlanm\u0131\u015f mod\u00fclleri sayesinde ba\u011f\u0131ms\u0131z bir platform \u00fczerinde t\u00fcm a\u015famalar\u0131 ile [&hellip;]<\/p>\n","protected":false},"author":1,"featured_media":0,"parent":2156,"menu_order":2,"comment_status":"closed","ping_status":"closed","template":"","meta":[],"_links":{"self":[{"href":"https:\/\/www.eda-ltd.com.tr\/index.php\/wp-json\/wp\/v2\/pages\/2282"}],"collection":[{"href":"https:\/\/www.eda-ltd.com.tr\/index.php\/wp-json\/wp\/v2\/pages"}],"about":[{"href":"https:\/\/www.eda-ltd.com.tr\/index.php\/wp-json\/wp\/v2\/types\/page"}],"author":[{"embeddable":true,"href":"https:\/\/www.eda-ltd.com.tr\/index.php\/wp-json\/wp\/v2\/users\/1"}],"replies":[{"embeddable":true,"href":"https:\/\/www.eda-ltd.com.tr\/index.php\/wp-json\/wp\/v2\/comments?post=2282"}],"version-history":[{"count":18,"href":"https:\/\/www.eda-ltd.com.tr\/index.php\/wp-json\/wp\/v2\/pages\/2282\/revisions"}],"predecessor-version":[{"id":4282,"href":"https:\/\/www.eda-ltd.com.tr\/index.php\/wp-json\/wp\/v2\/pages\/2282\/revisions\/4282"}],"up":[{"embeddable":true,"href":"https:\/\/www.eda-ltd.com.tr\/index.php\/wp-json\/wp\/v2\/pages\/2156"}],"wp:attachment":[{"href":"https:\/\/www.eda-ltd.com.tr\/index.php\/wp-json\/wp\/v2\/media?parent=2282"}],"curies":[{"name":"wp","href":"https:\/\/api.w.org\/{rel}","templated":true}]}}