{"id":2279,"date":"2018-06-11T17:31:01","date_gmt":"2018-06-11T15:31:01","guid":{"rendered":"http:\/\/www.eda-ltd.com.tr\/?page_id=2279"},"modified":"2023-12-26T14:54:09","modified_gmt":"2023-12-26T12:54:09","slug":"tasarim-optimizasyonu","status":"publish","type":"page","link":"https:\/\/www.eda-ltd.com.tr\/index.php\/faaliyetler\/tasarim-analiz\/tasarim-optimizasyonu\/","title":{"rendered":"Tasar\u0131m Optimizasyonu"},"content":{"rendered":"<p style=\"font-size: 13px;\">Y\u00fcr\u00fctt\u00fc\u011f\u00fc m\u00fchendislik tasar\u0131m \u00e7al\u0131\u015fmalar\u0131n\u0131n gerektirmesi durumunda EDA; hedef tasar\u0131m kriterlerini kar\u015f\u0131layacak en iyi tasar\u0131m\u0131n elde edilmesine y\u00f6nelik olarak yap\u0131 a\u011f\u0131rl\u0131\u011f\u0131n\u0131n azalt\u0131lmas\u0131, malzeme kullan\u0131m\u0131n\u0131n belirlenmesi, \u015fekillendirme ve boyutland\u0131rma i\u015flemlerini ba\u015far\u0131 ile ger\u00e7ekle\u015ftirebilme yeteneklerine sahiptir.<\/p>\n<p><img loading=\"lazy\" class=\"wp-image-2335 alignleft\" style=\"margin-bottom: 0px; margin-right: 10px;\" src=\"https:\/\/www.eda-ltd.com.tr\/wp-content\/uploads\/2018\/06\/topoloji_icon.png\" sizes=\"(max-width: 42px) 100vw, 42px\" srcset=\"https:\/\/www.eda-ltd.com.tr\/wp-content\/uploads\/2018\/06\/topoloji_icon.png 159w, https:\/\/www.eda-ltd.com.tr\/wp-content\/uploads\/2018\/06\/topoloji_icon-145x150.png 145w\" alt=\"\" width=\"42\" height=\"44\" \/><\/p>\n<p style=\"font-family: arial; font-size: 14px; font-weight: bold; margin-top: 20px; \/*! margin-bottom: 0px;\">Topoloji Optimizasyonu<\/p>\n<p style=\"margin-left: 52px; font-size: 13px; margin-bottom: 20px;\">EDA, mevcut teknik ve yaz\u0131l\u0131msal alt yap\u0131s\u0131n\u0131 kullanarak; yap\u0131sal tasar\u0131m\u0131n boyutland\u0131rma yap\u0131lmadan \u00f6nceki ilk a\u015famas\u0131nda; y\u00fckleme durumuna g\u00f6re de\u011fi\u015fen gereksiz b\u00f6lgelerin yap\u0131dan \u00e7\u0131kar\u0131larak, malzeme kullan\u0131m\u0131 ve yap\u0131 a\u011f\u0131rl\u0131\u011f\u0131n\u0131n optimize edilebilmesi amac\u0131 ile tasar\u0131m sonucu olu\u015facak i\u00e7 ve\/veya d\u0131\u015f \u015fekline ait genel bir g\u00f6r\u00fcnt\u00fc (topolojisi) elde edebilmektedir.<\/p>\n<div class=\"newspaper\" style=\"background: linear-gradient(#e6e6e6, #f6f6f6); ;\/* border-radius: 2px; ! margin-bottom: 10px; *\/ \/*! border-width: 5px; *\/\/*! border-style: solid; *\/\/*! border-color: #e6e6e6; *\/font-size: 12px; font-family: arial; border-top-color: #e6e6e6; border-top-style: solid; border-top-width: 10px; \/*! width: 918px; *\/float: right;\">\n<p style=\"margin-left: 15px; font-weight: bold; font-size: 13px; font-style: italic;\"><span style=\"font-size: 10pt;\">\u00d6rnek \u00c7al\u0131\u015fma<\/span><\/p>\n<p style=\"margin-left: 15px; font-style: italic;\"><span style=\"font-size: 10pt;\">Aerodinamik y\u00fckler alt\u0131ndaki bir kanat geometrisinin %25 ve %50 veter\u2019den ankastre olarak mesnetlenmesi halinde CAEeda\u2122 kullan\u0131larak yap\u0131lan topoloji optimizasyonu sonucu elde edilen kanat i\u00e7 yap\u0131s\u0131.<\/span><\/p>\n<p style=\"\/* float: left;*\/\"><img loading=\"lazy\" class=\"aligncenter size-large wp-image-2342\" src=\"https:\/\/www.eda-ltd.com.tr\/wp-content\/uploads\/2018\/06\/topoloji-2-1024x509.png\" sizes=\"(max-width: 980px) 100vw, 980px\" srcset=\"https:\/\/www.eda-ltd.com.tr\/wp-content\/uploads\/2018\/06\/topoloji-2-1024x509.png 1024w, https:\/\/www.eda-ltd.com.tr\/wp-content\/uploads\/2018\/06\/topoloji-2-300x149.png 300w, https:\/\/www.eda-ltd.com.tr\/wp-content\/uploads\/2018\/06\/topoloji-2-768x382.png 768w, https:\/\/www.eda-ltd.com.tr\/wp-content\/uploads\/2018\/06\/topoloji-2-150x75.png 150w, https:\/\/www.eda-ltd.com.tr\/wp-content\/uploads\/2018\/06\/topoloji-2-400x199.png 400w\" alt=\"\" width=\"980\" height=\"487\" \/><\/p>\n<\/div>\n<div class=\"newspaper\" style=\"background: linear-gradient(#e6e6e6, #f6f6f6); ;\/* border-radius: 2px; ! margin-bottom: 10px; *\/ \/*! border-width: 5px; *\/\/*! border-style: solid; *\/\/*! border-color: #e6e6e6; *\/font-size: 12px; font-family: arial; border-top-color: #e6e6e6; border-top-style: solid; border-top-width: 10px; \/*! width: 918px; *\/float: right;\">\n<p style=\"margin-left: 15px; font-weight: bold; font-size: 13px; font-style: italic;\">\u00d6rnek \u00c7al\u0131\u015fma<\/p>\n<p style=\"margin-left: 15px; font-style: italic;\"><span style=\"font-size: 10pt;\">Bir u\u00e7ak kanad\u0131n\u0131n alt ve \u00fcst y\u00fczeylerden sabit y\u00fcklenmesi durumunda CAEeda\u2122 kullan\u0131larak yap\u0131lan topoloji optimizasyonu sonucu olu\u015fan i\u00e7 yap\u0131.<\/span><\/p>\n<p style=\"float: left; margin: 0px;\"><img class=\"alignright size-large wp-image-2311\" style=\"margin-left: 0px;\" src=\"https:\/\/www.eda-ltd.com.tr\/wp-content\/uploads\/2018\/06\/topoloji_1-1024x953.png\" sizes=\"(max-width: 1024px) 100vw, 1024px\" srcset=\"https:\/\/www.eda-ltd.com.tr\/wp-content\/uploads\/2018\/06\/topoloji_1-1024x953.png 1024w, https:\/\/www.eda-ltd.com.tr\/wp-content\/uploads\/2018\/06\/topoloji_1-300x279.png 300w, https:\/\/www.eda-ltd.com.tr\/wp-content\/uploads\/2018\/06\/topoloji_1-768x715.png 768w, https:\/\/www.eda-ltd.com.tr\/wp-content\/uploads\/2018\/06\/topoloji_1-150x140.png 150w, https:\/\/www.eda-ltd.com.tr\/wp-content\/uploads\/2018\/06\/topoloji_1-400x372.png 400w\" alt=\"\" width=\"auto\" \/><\/p>\n<\/div>\n<p><img loading=\"lazy\" class=\"wp-image-2335 alignleft\" style=\"margin-bottom: 0px; margin-right: 10px; margin-top: 5px;\" src=\"https:\/\/www.eda-ltd.com.tr\/wp-content\/uploads\/2018\/06\/shapeoptimization_icon.png\" alt=\"\" width=\"40\" height=\"45\" \/><\/p>\n<p style=\"font-family: arial; font-size: 14px; font-weight: bold; margin-top: 20px; \/*! margin-bottom: 0px;\">\u015eekil Optimizasyonu<\/p>\n<p style=\"margin-left: 52px; font-size: 13px;\">EDA taraf\u0131ndan; belirli yap\u0131sal ve mali s\u0131n\u0131rlamalara ba\u011fl\u0131 kalmak ko\u015fulu ile en uygun \u015feklin elde edilmesi i\u00e7in \u015fekil optimizasyonu \u00e7al\u0131\u015fmalar\u0131 yap\u0131lmaktad\u0131r.<\/p>\n<p style=\"margin-left: 52px; font-size: 13px; margin-bottom: 20px;\">Bu \u00e7al\u0131\u015fmalar\u0131n ilk a\u015famas\u0131nda, fiziksel modele ve de\u011fi\u015ftirilmek istenen geometrik parametreler ile birlikte de\u011fi\u015fim s\u0131n\u0131rlamalar\u0131na (constraints) karar verilmesini takiben; fiziksel model yaz\u0131l\u0131mlar\u0131 ile geometrik model yaz\u0131l\u0131mlar\u0131, evrim modeline ( \u201cGenetik Algoritma\u201d ) dayal\u0131 bir optimizasyon yaz\u0131l\u0131m\u0131n\u0131n y\u00f6netiminde etkile\u015fimli olarak ko\u015fturulmaktad\u0131r. Optimizasyon yaz\u0131l\u0131m\u0131, tasar\u0131mc\u0131 taraf\u0131ndan belirlenen ama\u00e7 ve ceza fonksiyonlar\u0131na g\u00f6re geometrinin de\u011fi\u015fimini y\u00f6nlendirmekte, hedeflenen ama\u00e7 de\u011ferine ula\u015f\u0131ld\u0131\u011f\u0131nda ko\u015fturmalar\u0131 durdurarak istenen \u00f6zelliklere sahip optimum tasar\u0131m \u015feklinin elde edilmesini sa\u011flamaktad\u0131r. \u00c7ok say\u0131da fizik \u00e7\u00f6z\u00fcm\u00fc gerektiren bu \u00e7al\u0131\u015fma i\u00e7in paralel bilgisayar k\u00fcmelerinin (cluster) yan\u0131 s\u0131ra paralel k\u00fcmelerden olu\u015fan grid altyap\u0131s\u0131ndan da yararlanabilmektedir.<\/p>\n<div class=\"newspaper\" style=\"background: linear-gradient(#e6e6e6, #f6f6f6); ;\/* border-radius: 2px; ! margin-bottom: 10px; *\/ \/*! border-width: 5px; *\/\/*! border-style: solid; *\/\/*! border-color: #e6e6e6; *\/font-size: 12px; font-family: arial; border-top-color: #e6e6e6; border-top-style: solid; border-top-width: 10px; \/*! width: 918px; *\/float: right; column-count: 3;\">\n<p style=\"margin-left: 15px; font-weight: bold; font-size: 13px; font-style: italic;\">\u00d6rnek \u00c7al\u0131\u015fma<\/p>\n<p style=\"margin-left: 15px; font-style: italic;\"><span style=\"font-size: 10pt;\">\u015eekil optimizasyonu \u00f6rnek \u00e7al\u0131\u015fmas\u0131 sonucu\u2026<\/span><img loading=\"lazy\" class=\"aligncenter size-large wp-image-2389\" src=\"https:\/\/www.eda-ltd.com.tr\/wp-content\/uploads\/2018\/06\/shapeoptimization-2-1014x1024.png\" sizes=\"(max-width: 980px) 100vw, 980px\" srcset=\"https:\/\/www.eda-ltd.com.tr\/wp-content\/uploads\/2018\/06\/shapeoptimization-2-1014x1024.png 1014w, https:\/\/www.eda-ltd.com.tr\/wp-content\/uploads\/2018\/06\/shapeoptimization-2-297x300.png 297w, https:\/\/www.eda-ltd.com.tr\/wp-content\/uploads\/2018\/06\/shapeoptimization-2-768x775.png 768w, https:\/\/www.eda-ltd.com.tr\/wp-content\/uploads\/2018\/06\/shapeoptimization-2-400x404.png 400w, https:\/\/www.eda-ltd.com.tr\/wp-content\/uploads\/2018\/06\/shapeoptimization-2.png 1242w\" alt=\"\" width=\"980\" height=\"990\" \/><img loading=\"lazy\" class=\"aligncenter size-large wp-image-2383\" style=\"float: left;\" src=\"https:\/\/www.eda-ltd.com.tr\/wp-content\/uploads\/2018\/06\/shapeoptimization-1-1014x1024.png\" sizes=\"(max-width: 980px) 100vw, 980px\" srcset=\"https:\/\/www.eda-ltd.com.tr\/wp-content\/uploads\/2018\/06\/shapeoptimization-1-1014x1024.png 1014w, https:\/\/www.eda-ltd.com.tr\/wp-content\/uploads\/2018\/06\/shapeoptimization-1-297x300.png 297w, https:\/\/www.eda-ltd.com.tr\/wp-content\/uploads\/2018\/06\/shapeoptimization-1-768x775.png 768w, https:\/\/www.eda-ltd.com.tr\/wp-content\/uploads\/2018\/06\/shapeoptimization-1-400x404.png 400w, https:\/\/www.eda-ltd.com.tr\/wp-content\/uploads\/2018\/06\/shapeoptimization-1.png 1242w\" alt=\"\" width=\"980\" height=\"990\" \/><\/p>\n<\/div>\n<p><img loading=\"lazy\" class=\"wp-image-2335 alignleft\" style=\"margin-bottom: 0px; margin-right: 10px; margin-top: 5px;\" src=\"https:\/\/www.eda-ltd.com.tr\/wp-content\/uploads\/2018\/06\/sizeoptimization_icon.png\" alt=\"\" width=\"40\" height=\"45\" \/><\/p>\n<p style=\"font-family: arial; font-size: 14px; font-weight: bold; margin-top: 20px; \/*! margin-bottom: 0px;\">Boyut Optimizasyonu<\/p>\n<p style=\"margin-left: 52px; font-size: 13px;\">EDA, yap\u0131lar\u0131n en uygun model parametrelerini (malzeme \u00f6zellikleri, kesit boyutlar\u0131, kal\u0131nl\u0131klar\u0131, vb.) bulunmas\u0131 amac\u0131yla \u201cGenetik Algoritma\u201d metodundan yararlanan boyut optimizasyonu \u00e7al\u0131\u015fmalar\u0131 yapmaktad\u0131r.<\/p>\n","protected":false},"excerpt":{"rendered":"<p>Y\u00fcr\u00fctt\u00fc\u011f\u00fc m\u00fchendislik tasar\u0131m \u00e7al\u0131\u015fmalar\u0131n\u0131n gerektirmesi durumunda EDA; hedef tasar\u0131m kriterlerini kar\u015f\u0131layacak en iyi tasar\u0131m\u0131n elde edilmesine y\u00f6nelik olarak yap\u0131 a\u011f\u0131rl\u0131\u011f\u0131n\u0131n azalt\u0131lmas\u0131, malzeme kullan\u0131m\u0131n\u0131n belirlenmesi, \u015fekillendirme ve boyutland\u0131rma i\u015flemlerini ba\u015far\u0131 ile ger\u00e7ekle\u015ftirebilme yeteneklerine sahiptir. Topoloji Optimizasyonu EDA, mevcut teknik ve yaz\u0131l\u0131msal alt yap\u0131s\u0131n\u0131 kullanarak; yap\u0131sal tasar\u0131m\u0131n boyutland\u0131rma yap\u0131lmadan \u00f6nceki ilk a\u015famas\u0131nda; y\u00fckleme durumuna g\u00f6re de\u011fi\u015fen gereksiz [&hellip;]<\/p>\n","protected":false},"author":1,"featured_media":0,"parent":2156,"menu_order":56,"comment_status":"closed","ping_status":"closed","template":"","meta":[],"_links":{"self":[{"href":"https:\/\/www.eda-ltd.com.tr\/index.php\/wp-json\/wp\/v2\/pages\/2279"}],"collection":[{"href":"https:\/\/www.eda-ltd.com.tr\/index.php\/wp-json\/wp\/v2\/pages"}],"about":[{"href":"https:\/\/www.eda-ltd.com.tr\/index.php\/wp-json\/wp\/v2\/types\/page"}],"author":[{"embeddable":true,"href":"https:\/\/www.eda-ltd.com.tr\/index.php\/wp-json\/wp\/v2\/users\/1"}],"replies":[{"embeddable":true,"href":"https:\/\/www.eda-ltd.com.tr\/index.php\/wp-json\/wp\/v2\/comments?post=2279"}],"version-history":[{"count":102,"href":"https:\/\/www.eda-ltd.com.tr\/index.php\/wp-json\/wp\/v2\/pages\/2279\/revisions"}],"predecessor-version":[{"id":4865,"href":"https:\/\/www.eda-ltd.com.tr\/index.php\/wp-json\/wp\/v2\/pages\/2279\/revisions\/4865"}],"up":[{"embeddable":true,"href":"https:\/\/www.eda-ltd.com.tr\/index.php\/wp-json\/wp\/v2\/pages\/2156"}],"wp:attachment":[{"href":"https:\/\/www.eda-ltd.com.tr\/index.php\/wp-json\/wp\/v2\/media?parent=2279"}],"curies":[{"name":"wp","href":"https:\/\/api.w.org\/{rel}","templated":true}]}}