{"id":2166,"date":"2018-06-11T11:16:25","date_gmt":"2018-06-11T09:16:25","guid":{"rendered":"http:\/\/www.eda-ltd.com.tr\/?page_id=2166"},"modified":"2021-05-07T16:39:22","modified_gmt":"2021-05-07T14:39:22","slug":"yazilim-gelistirme","status":"publish","type":"page","link":"https:\/\/www.eda-ltd.com.tr\/index.php\/faaliyetler\/yazilim-gelistirme\/","title":{"rendered":"Yaz\u0131l\u0131m Geli\u015ftirme"},"content":{"rendered":"<p style=\"color: #d6d6d6; text-align: right; margin-left: 0px; margin-bottom: 0px; font-size: 30px;\"><span style=\"color: #c0c0c0;\">Ama\u00e7<\/span><\/p>\n<hr style=\"margin-top: 10px; border: solid #d6d6d6; border-width: 1px 0 0; margin-bottom: 30px;\" \/>\n<ul style=\"margin-bottom: 10px; font-size: 13px;\">\n<li>Tasar\u0131m \u00e7al\u0131\u015fmalar\u0131n\u0131n ba\u011f\u0131ms\u0131z ve herhangi bir yetenek s\u0131n\u0131rlamas\u0131na ba\u011fl\u0131 kalmaks\u0131z\u0131n ger\u00e7ekle\u015ftirilebilmesi<\/li>\n<li>Tasar\u0131m-analiz projelerinin zaman ve maliyet etkinliklerinin art\u0131r\u0131lmas\u0131<\/li>\n<li>\u00d6zg\u00fcn ileri teknoloji \u00fcr\u00fcn tasar\u0131mlar\u0131n\u0131n tamamen yerli imkanlar ile geli\u015ftirilebilmesi<\/li>\n<\/ul>\n<p style=\"color: #d6d6d6; text-align: right; margin-left: 0px; margin-bottom: 0px; font-size: 30px;\"><span style=\"color: #c0c0c0;\">Faaliyetler<\/span><\/p>\n<hr style=\"margin-top: 10px; border: solid #d6d6d6; border-width: 1px 0 0; margin-bottom: 30px;\" \/>\n<ul style=\"font-size: 13px;\">\n<li><a href=\"https:\/\/www.eda-ltd.com.tr\/index.php\/urunler\/\" target=\"_blank\" rel=\"noopener\">M\u00fchendislik tasar\u0131m\/analiz yaz\u0131l\u0131mlar\u0131n\u0131n<\/a> geli\u015ftirilmesi ve otomatize edilmesi<\/li>\n<li>Mevcut m\u00fchendislik yaz\u0131l\u0131mlar\u0131n\u0131n kullan\u0131c\u0131 istek ve ihtiya\u00e7lar\u0131na ba\u011fl\u0131 olarak \u00f6zelle\u015ftirilmesi<\/li>\n<li>B\u00fcy\u00fck \u00f6l\u00e7ekli karma\u015f\u0131k tasar\u0131m problemlerinin \u00e7\u00f6z\u00fcm\u00fcnde kullan\u0131lmak \u00fczere yaz\u0131l\u0131m paralelle\u015ftirme<\/li>\n<\/ul>\n<div style=\"background: linear-gradient(#e6e6e6, #f6f6f6); ;\/* border-radius: 2px; ! margin-bottom: 10px; *\/ \/*! border-width: 5px; *\/\/*! border-style: solid; *\/\/*! border-color: #e6e6e6; *\/font-size: 12px; font-family: arial; border-top-color: #e6e6e6; border-top-style: solid; border-top-width: 10px; margin-bottom: 20px;\">\n<p id=\"rules1\" style=\"margin-left: 15px; font-style: italic; font-family: arial; \/*! font-size: 12px; *\/font-weight: bold;\"><span style=\"font-size: 10pt;\">A\u00e7\u0131klama<\/span><\/p>\n<p style=\"margin-left: 15px; margin-bottom: 10px; \/*! font-size: 12px; *\/font-family: arial; margin-right: 10px;\"><span style=\"font-size: 10pt;\">\u0130leri teknoloji \u00fcr\u00fcn\u00fc tasar\u0131mlar\u0131n geli\u015ftirilebilmesi, insan kayna\u011f\u0131n\u0131n yan\u0131 s\u0131ra, tamamen ba\u011f\u0131ms\u0131z yaz\u0131l\u0131m ara\u00e7lar\u0131n\u0131n kullan\u0131m\u0131 ile m\u00fcmk\u00fcn olabilmektedir. \u00d6zellikle Savunma Sanayi projelerinin gerektirdi\u011fi gizli ve g\u00fcvenli bilgi kullan\u0131m\u0131 ile benzersiz ve engellenemez tasar\u0131m \u00e7al\u0131\u015fmalar\u0131n\u0131 y\u00fcr\u00fctebilmek i\u00e7in, kaynak kodlar\u0131 ile birlikte tamamen yerli imkanlar ile geli\u015ftirilmi\u015f; i\u015fletim sistemi dahil olmak \u00fczere hi\u00e7bir yabanc\u0131 ticari yaz\u0131l\u0131m alt yap\u0131s\u0131na dayanmayan ara\u00e7lara ihtiya\u00e7 vard\u0131r.<\/span><br \/>\n<span style=\"font-size: 10pt;\">Analiz yetenekleri ve daha \u00f6ncelikli olarak ileri d\u00fczeyde tasar\u0131m kabiliyetleri bulunan yaz\u0131l\u0131mlar\u0131n, ayn\u0131 zamanda proje maliyet etkinli\u011fini art\u0131racak ve kullan\u0131ma uygun olarak \u00f6zelle\u015ftirilebilecek nitelikte olmas\u0131 gerekmektedir.<\/span><\/p>\n<p style=\"margin-left: 15px; margin-bottom: 10px; \/*! font-size: 12px; *\/font-family: arial; margin-right: 10px;\"><span style=\"font-size: 10pt;\">Bu noktadan hareket ile EDA taraf\u0131ndan ba\u015flat\u0131lan geli\u015ftirme \u00e7al\u0131\u015fmalar\u0131 neticesinde, makine ve havac\u0131l\u0131k m\u00fchendisli\u011fine y\u00f6nelik olarak olu\u015fturulan <a href=\"https:\/\/www.eda-ltd.com.tr\/index.php\/caeeda\/\" target=\"_blank\" rel=\"noopener\">bilgisayar destekli m\u00fchendislik tasar\u0131m ve analiz yaz\u0131l\u0131m paketi (CAEeda\u2122)<\/a>; yukar\u0131da s\u0131ralanan \u00f6zelliklerin tamam\u0131na sahip, do\u011frudan tasar\u0131ma y\u00f6nelik ilk ve tek yerli yaz\u0131l\u0131m arac\u0131d\u0131r.<\/span><br \/>\n<span style=\"font-size: 10pt;\">EDA; kullan\u0131c\u0131 taraf\u0131ndan s\u0131kl\u0131kla tekrarlanan ancak ticari yaz\u0131l\u0131m ara\u00e7lar\u0131nda standart bir fonksiyon olarak yer almayan i\u015flemleri, CAEeda\u2122 \u00e7at\u0131s\u0131 alt\u0131nda otomatize ederek kullan\u0131c\u0131ya-\u00f6zel mod\u00fcl yaz\u0131l\u0131mlar geli\u015ftirebilmektedir.<\/span><\/p>\n<p style=\"margin-left: 15px; margin-bottom: 10px; \/*! font-size: 12px; *\/font-family: arial; margin-right: 10px;\"><span style=\"font-size: 10pt;\">Yaz\u0131l\u0131m paralelle\u015ftirme yetene\u011fi bulunan EDA, b\u00fcy\u00fck \u00f6l\u00e7ekli karma\u015f\u0131k m\u00fchendislik tasar\u0131m ve analiz problemlerinin en k\u0131sa s\u00fcrede \u00e7\u00f6z\u00fclebilmesi amac\u0131 ile geli\u015ftirmi\u015f oldu\u011fu t\u00fcm yaz\u0131l\u0131mlar\u0131 paralel bilgisayar sistemlerinde kullan\u0131ma uygun hale getirmi\u015ftir.<\/span><\/p>\n<p style=\"margin-left: 15px; margin-bottom: 10px; \/*! font-size: 12px; *\/font-family: arial; margin-right: 10px;\"><span style=\"font-size: 10pt;\">\u0130htiya\u00e7 duyulmas\u0131 halinde yabanc\u0131 ticari yaz\u0131l\u0131mlar ile etkile\u015fimli \u00e7al\u0131\u015ft\u0131r\u0131labilen <a href=\"https:\/\/www.eda-ltd.com.tr\/index.php\/urunler\/\" target=\"_blank\" rel=\"noopener\">EDA yaz\u0131l\u0131mlar\u0131<\/a>, farkl\u0131 kurum ve kurulu\u015flar ile birlikte y\u00fcr\u00fct\u00fclen tasar\u0131m \u00e7al\u0131\u015fmalar\u0131 s\u0131ras\u0131nda her bir i\u015flemci i\u00e7in ayr\u0131 lisans al\u0131m\u0131n\u0131 gerektirmeksizin kullan\u0131ma sunulmakta; b\u00f6ylece, y\u00fcr\u00fct\u00fclen <a href=\"https:\/\/www.eda-ltd.com.tr\/index.php\/tasarim-analiz\/\" target=\"_blank\" rel=\"noopener\">tasar\u0131m ya da analiz \u00e7al\u0131\u015fmalar\u0131<\/a> m\u00fcmk\u00fcn olan en k\u0131sa s\u00fcrede ve d\u00fc\u015f\u00fck maliyetler ile tamamlanabilmektedir.<\/span><\/p>\n<p style=\"margin-left: 15px; margin-bottom: 10px; \/*! font-size: 12px; *\/font-family: arial; margin-right: 10px;\"><span style=\"font-size: 10pt;\">Bug\u00fcne kadar yap\u0131lan yaz\u0131l\u0131m geli\u015ftirme \u00e7al\u0131\u015fmalar\u0131 T\u00dcB\u0130TAK-TEYDEB Ulusal Destek Programlar\u0131 kapsam\u0131nda aral\u0131ks\u0131z olarak desteklenmi\u015f; bu \u00e7al\u0131\u015fmalardan biri olan \u201cKompleks Y\u00fczey Geometrileri i\u00e7in Parametrik D\u00fczensiz \u00c7\u00f6z\u00fcma\u011f\u0131 ve Kat\u0131 Model Yaz\u0131l\u0131m Geli\u015ftirme\u201d ba\u015fl\u0131kl\u0131 projesi TEYDEB Ba\u015far\u0131 Hikayeleri 2015-2016 Katalo\u011fu\u2019na al\u0131nm\u0131\u015ft\u0131r.<\/span><\/p>\n<\/div>\n<div style=\"background: linear-gradient(#e6e6e6, #f6f6f6); ;\/* border-radius: 2px; ! margin-bottom: 10px; *\/ \/*! border-width: 5px; *\/\/*! border-style: solid; *\/\/*! border-color: #e6e6e6; *\/font-size: 12px; font-family: arial; border-top-color: #e6e6e6; border-top-style: solid; border-top-width: 10px;\">\n<p id=\"rules\" style=\"margin-left: 15px; font-style: italic; font-family: arial; \/*! font-size: 12px; *\/font-weight: bold;\"><span style=\"font-size: 10pt;\">Bug\u00fcne kadar y\u00fcr\u00fct\u00fclen Ar-Ge projeleri kapsam\u0131nda yap\u0131lm\u0131\u015f yaz\u0131l\u0131m geli\u015ftirme \u00e7al\u0131\u015fmalar\u0131<\/span><\/p>\n<ul style=\"margin: 0px 10px -20px 35px;\">\n<li><span style=\"font-size: 10pt;\">Ak\u0131\u015fkan-Yap\u0131 Etkile\u015fimi Problemleri \u0130\u00e7in Paralel Bilgisayar Yaz\u0131l\u0131m\u0131 Geli\u015ftirme*<\/span><\/li>\n<li><span style=\"font-size: 10pt;\">Bilgisayar Hesaplamal\u0131 Ak\u0131\u015fkanlar Dinami\u011fi \u0130\u00e7in \u00d6n \u0130\u015flemci Geli\u015ftirme*<\/span><\/li>\n<li><span style=\"font-size: 10pt;\">Kompleks Y\u00fczey Geometrileri \u0130\u00e7in Parametrik D\u00fczensiz \u00c7\u00f6z\u00fcma\u011f\u0131 Ve Kat\u0131 Model Yaz\u0131l\u0131m\u0131 Geli\u015ftirme* (TEYDEB 2015 Ba\u015far\u0131 \u00d6yk\u00fcs\u00fc)<\/span><\/li>\n<li><span style=\"font-size: 10pt;\">CAEeda Yerli Yaz\u0131l\u0131m Paketine Yap\u0131sal Ve Termal Tasar\u0131m Yeteneklerinin Kazand\u0131r\u0131lmas\u0131*<\/span><\/li>\n<li><span style=\"font-size: 10pt;\">Aerodinamik Ve Yap\u0131sal Tasar\u0131m \u0130\u00e7in \u015eekil Optimizasyon Ve Otomasyon Yaz\u0131l\u0131m\u0131 Geli\u015ftirme*<\/span><\/li>\n<li><span style=\"font-size: 10pt;\">Aeroelastisite Problemleri \u0130\u00e7in Ak\u0131\u015fkan-Yap\u0131 Etkile\u015fimi Analizlerinin Paralel Bilgisayar Sistemlerinde Yap\u0131lmas\u0131na Y\u00f6nelik Yaz\u0131l\u0131m Geli\u015ftirme**<\/span><\/li>\n<li><span style=\"font-size: 10pt;\">Kompozit Yap\u0131 Elemanlar\u0131 \u0130\u00e7in Yap\u0131sal Analiz Ve Tasar\u0131m Optimizasyonu Yaz\u0131l\u0131m\u0131 Geli\u015ftirme<\/span><\/li>\n<li><span style=\"font-size: 10pt;\">Balistik Tasar\u0131m ve Analiz Yaz\u0131l\u0131m\u0131 Geli\u015ftirme<\/span><\/li>\n<li><span style=\"font-size: 10pt;\">Roket Motoru Yak\u0131t \u00c7ekirde\u011fi Geriletme Yaz\u0131l\u0131m\u0131 Geli\u015ftirme<\/span><\/li>\n<\/ul>\n<p style=\"margin-top: 30px; margin-left: 35px; font-style: italic;\"><span style=\"font-size: 10pt;\">* T\u00dcB\u0130TAK-TEYDEB taraf\u0131ndan desteklenmi\u015ftir.<\/span><\/p>\n<p style=\"margin-top: -10px; margin-left: 35px; font-style: italic;\"><span style=\"font-size: 10pt;\">** KOSGEB taraf\u0131ndan desteklenmi\u015ftir.<\/span><\/p>\n<\/div>\n","protected":false},"excerpt":{"rendered":"<p>Ama\u00e7 Tasar\u0131m \u00e7al\u0131\u015fmalar\u0131n\u0131n ba\u011f\u0131ms\u0131z ve herhangi bir yetenek s\u0131n\u0131rlamas\u0131na ba\u011fl\u0131 kalmaks\u0131z\u0131n ger\u00e7ekle\u015ftirilebilmesi Tasar\u0131m-analiz projelerinin zaman ve maliyet etkinliklerinin art\u0131r\u0131lmas\u0131 \u00d6zg\u00fcn ileri teknoloji \u00fcr\u00fcn tasar\u0131mlar\u0131n\u0131n tamamen yerli imkanlar ile geli\u015ftirilebilmesi Faaliyetler M\u00fchendislik tasar\u0131m\/analiz yaz\u0131l\u0131mlar\u0131n\u0131n geli\u015ftirilmesi ve otomatize edilmesi Mevcut m\u00fchendislik yaz\u0131l\u0131mlar\u0131n\u0131n kullan\u0131c\u0131 istek ve ihtiya\u00e7lar\u0131na ba\u011fl\u0131 olarak \u00f6zelle\u015ftirilmesi B\u00fcy\u00fck \u00f6l\u00e7ekli karma\u015f\u0131k tasar\u0131m problemlerinin \u00e7\u00f6z\u00fcm\u00fcnde kullan\u0131lmak \u00fczere [&hellip;]<\/p>\n","protected":false},"author":1,"featured_media":0,"parent":2152,"menu_order":63,"comment_status":"closed","ping_status":"closed","template":"","meta":[],"_links":{"self":[{"href":"https:\/\/www.eda-ltd.com.tr\/index.php\/wp-json\/wp\/v2\/pages\/2166"}],"collection":[{"href":"https:\/\/www.eda-ltd.com.tr\/index.php\/wp-json\/wp\/v2\/pages"}],"about":[{"href":"https:\/\/www.eda-ltd.com.tr\/index.php\/wp-json\/wp\/v2\/types\/page"}],"author":[{"embeddable":true,"href":"https:\/\/www.eda-ltd.com.tr\/index.php\/wp-json\/wp\/v2\/users\/1"}],"replies":[{"embeddable":true,"href":"https:\/\/www.eda-ltd.com.tr\/index.php\/wp-json\/wp\/v2\/comments?post=2166"}],"version-history":[{"count":27,"href":"https:\/\/www.eda-ltd.com.tr\/index.php\/wp-json\/wp\/v2\/pages\/2166\/revisions"}],"predecessor-version":[{"id":4292,"href":"https:\/\/www.eda-ltd.com.tr\/index.php\/wp-json\/wp\/v2\/pages\/2166\/revisions\/4292"}],"up":[{"embeddable":true,"href":"https:\/\/www.eda-ltd.com.tr\/index.php\/wp-json\/wp\/v2\/pages\/2152"}],"wp:attachment":[{"href":"https:\/\/www.eda-ltd.com.tr\/index.php\/wp-json\/wp\/v2\/media?parent=2166"}],"curies":[{"name":"wp","href":"https:\/\/api.w.org\/{rel}","templated":true}]}}