{"id":2156,"date":"2018-06-11T11:04:10","date_gmt":"2018-06-11T09:04:10","guid":{"rendered":"http:\/\/www.eda-ltd.com.tr\/?page_id=2156"},"modified":"2021-05-07T16:37:40","modified_gmt":"2021-05-07T14:37:40","slug":"tasarim-analiz","status":"publish","type":"page","link":"https:\/\/www.eda-ltd.com.tr\/index.php\/faaliyetler\/tasarim-analiz\/","title":{"rendered":"Tasar\u0131m ve Analiz \u00c7al\u0131\u015fmalar\u0131"},"content":{"rendered":"<p style=\"color: #d6d6d6; text-align: right; margin-left: 0px; margin-bottom: 0px; font-size: 30px;\"><span style=\"color: #c0c0c0;\">Ama\u00e7<\/span><\/p>\n<hr style=\"margin-top: 10px; border: solid #d6d6d6; border-width: 1px 0 0; margin-bottom: 30px;\" \/>\n<ul style=\"margin-bottom: 10px; font-size: 13px;\">\n<li>Teknolojik rekabet g\u00fcc\u00fcn\u00fcn korunmas\u0131 ya da art\u0131r\u0131lmas\u0131 i\u00e7in temini zorunlu hale gelen \u00fcr\u00fcn tasar\u0131mlar\u0131n\u0131n yap\u0131lmas\u0131<\/li>\n<li>Yerli ya da yabanc\u0131 ba\u015fka herhangi bir kaynaktan tedarik edilemeyen tasar\u0131mlar\u0131n geli\u015ftirilmesi<\/li>\n<\/ul>\n<p style=\"color: #d6d6d6; text-align: right; margin-left: 0px; margin-bottom: 0px; font-size: 30px;\"><span style=\"color: #c0c0c0;\">Faaliyetler<\/span><\/p>\n<hr style=\"margin-top: 10px; border: solid #d6d6d6; border-width: 1px 0 0; margin-bottom: 30px;\" \/>\n<ul style=\"font-size: 13px;\">\n<li>\u00d6zg\u00fcn ve ileri teknoloji \u00fcr\u00fcn\u00fc, sistem\/alt sistem tasar\u0131mlar\u0131n\u0131n geli\u015ftirilmesi<\/li>\n<li>Mevcut tasar\u0131m problemlerinin \u00e7\u00f6z\u00fcm\u00fc ve\/veya modifikasyonuna y\u00f6nelik olarak <a href=\"https:\/\/www.eda-ltd.com.tr\/index.php\/tasarim-iyilestirme\/\" target=\"_blank\" rel=\"noopener\">tasar\u0131m iyile\u015ftirme<\/a> \u00e7al\u0131\u015fmalar\u0131n\u0131n yap\u0131lmas\u0131<\/li>\n<li>Mevcut \u00fcr\u00fcn performans\u0131n\u0131n art\u0131r\u0131lmas\u0131 i\u00e7in, belirlenen tasar\u0131m parametre ve s\u0131n\u0131rlamalar\u0131na ba\u011fl\u0131 olarak <a href=\"https:\/\/www.eda-ltd.com.tr\/index.php\/tasarim-optimizasyonu\/\" target=\"_blank\" rel=\"noopener\">tasar\u0131m optimizasyo<\/a>n \u00e7al\u0131\u015fmalar\u0131n\u0131n yap\u0131lmas\u0131<\/li>\n<li>Bu kapsamda ihtiya\u00e7 duyulan <a href=\"https:\/\/www.eda-ltd.com.tr\/index.php\/analiz\/\" target=\"_blank\" rel=\"noopener\">analiz<\/a> \u00e7al\u0131\u015fmalar\u0131n\u0131n yap\u0131lmas\u0131<\/li>\n<\/ul>\n<div style=\"background: linear-gradient(#e6e6e6, #f6f6f6); ;\/* border-radius: 2px; ! margin-bottom: 10px; *\/ \/*! border-width: 5px; *\/\/*! border-style: solid; *\/\/*! border-color: #e6e6e6; *\/font-size: 12px; font-family: arial; border-top-color: #e6e6e6; border-top-style: solid; border-top-width: 10px;\">\n<p style=\"margin-left: 15px; font-style: italic; font-family: arial; \/*! font-size: 12px; *\/font-weight: bold;\"><span style=\"font-size: 10pt;\">A\u00e7\u0131klama<\/span><\/p>\n<p style=\"margin-left: 15px; margin-bottom: 10px; \/*! font-size: 12px; *\/font-family: arial; margin-right: 10px;\"><span style=\"font-size: 10pt;\">Yeni tasar\u0131m geli\u015ftirme \u00e7al\u0131\u015fmalar\u0131n\u0131n yan\u0131 s\u0131ra EDA; mevcut bir tasar\u0131m\u0131n, tasar\u0131m gereksinimlerini kar\u015f\u0131layacak \u015fekilde iyile\u015ftirilmesine y\u00f6nelik \u00e7al\u0131\u015fmalar y\u00fcr\u00fctmektedir.<\/span><\/p>\n<p style=\"margin-left: 15px; margin-bottom: 10px; \/*! font-size: 12px; *\/font-family: arial; margin-right: 10px;\"><span style=\"font-size: 10pt;\">\u015eirket, tasar\u0131m geli\u015ftirme ve iyile\u015ftirme \u00e7al\u0131\u015fmalar\u0131 s\u0131ras\u0131nda; tasar\u0131m\u0131n gerektirdi\u011fi, temel m\u00fchendislik y\u00f6ntemlerinden y\u00fcksek hassasiyetli geli\u015fmi\u015f y\u00f6ntemlere kadar geni\u015f bir yelpazede yer alan, t\u00fcm m\u00fchendislik hesaplama y\u00f6ntemlerini ve bu esaslara g\u00f6re geli\u015ftirmi\u015f oldu\u011fu yaz\u0131l\u0131mlar\u0131 ba\u015far\u0131 ile kullanmaktad\u0131r.<\/span><\/p>\n<p style=\"margin-left: 15px; margin-bottom: 10px; \/*! font-size: 12px; *\/font-family: arial; margin-right: 10px;\"><span style=\"font-size: 10pt;\">Proje \u00e7al\u0131\u015fmalar\u0131n\u0131n t\u00fcm a\u015famalar\u0131n\u0131, geli\u015ftirdi\u011fi <a href=\"https:\/\/www.eda-ltd.com.tr\/index.php\/caeeda\/\" target=\"_blank\" rel=\"noopener\">bilgisayar destekli m\u00fchendislik tasar\u0131m ve analiz yaz\u0131l\u0131m\u0131 CAEeda\u2122<\/a> ile ger\u00e7ekle\u015ftirmekte olan EDA; CAEeda\u2122\u2019n\u0131n tasar\u0131m geli\u015ftirme ve optimizasyonuna y\u00f6nelik, \u00f6zel olarak haz\u0131rlanm\u0131\u015f mod\u00fclleri sayesinde karma\u015f\u0131k tasar\u0131m problemleri i\u00e7in zaman ve maliyet etkinli\u011fi y\u00fcksek \u00e7\u00f6z\u00fcmler \u00fcretebilmektedir.<\/span><\/p>\n<\/div>\n","protected":false},"excerpt":{"rendered":"<p>Ama\u00e7 Teknolojik rekabet g\u00fcc\u00fcn\u00fcn korunmas\u0131 ya da art\u0131r\u0131lmas\u0131 i\u00e7in temini zorunlu hale gelen \u00fcr\u00fcn tasar\u0131mlar\u0131n\u0131n yap\u0131lmas\u0131 Yerli ya da yabanc\u0131 ba\u015fka herhangi bir kaynaktan tedarik edilemeyen tasar\u0131mlar\u0131n geli\u015ftirilmesi Faaliyetler \u00d6zg\u00fcn ve ileri teknoloji \u00fcr\u00fcn\u00fc, sistem\/alt sistem tasar\u0131mlar\u0131n\u0131n geli\u015ftirilmesi Mevcut tasar\u0131m problemlerinin \u00e7\u00f6z\u00fcm\u00fc ve\/veya modifikasyonuna y\u00f6nelik olarak tasar\u0131m iyile\u015ftirme \u00e7al\u0131\u015fmalar\u0131n\u0131n yap\u0131lmas\u0131 Mevcut \u00fcr\u00fcn performans\u0131n\u0131n art\u0131r\u0131lmas\u0131 i\u00e7in, [&hellip;]<\/p>\n","protected":false},"author":1,"featured_media":0,"parent":2152,"menu_order":58,"comment_status":"closed","ping_status":"closed","template":"","meta":[],"_links":{"self":[{"href":"https:\/\/www.eda-ltd.com.tr\/index.php\/wp-json\/wp\/v2\/pages\/2156"}],"collection":[{"href":"https:\/\/www.eda-ltd.com.tr\/index.php\/wp-json\/wp\/v2\/pages"}],"about":[{"href":"https:\/\/www.eda-ltd.com.tr\/index.php\/wp-json\/wp\/v2\/types\/page"}],"author":[{"embeddable":true,"href":"https:\/\/www.eda-ltd.com.tr\/index.php\/wp-json\/wp\/v2\/users\/1"}],"replies":[{"embeddable":true,"href":"https:\/\/www.eda-ltd.com.tr\/index.php\/wp-json\/wp\/v2\/comments?post=2156"}],"version-history":[{"count":31,"href":"https:\/\/www.eda-ltd.com.tr\/index.php\/wp-json\/wp\/v2\/pages\/2156\/revisions"}],"predecessor-version":[{"id":4290,"href":"https:\/\/www.eda-ltd.com.tr\/index.php\/wp-json\/wp\/v2\/pages\/2156\/revisions\/4290"}],"up":[{"embeddable":true,"href":"https:\/\/www.eda-ltd.com.tr\/index.php\/wp-json\/wp\/v2\/pages\/2152"}],"wp:attachment":[{"href":"https:\/\/www.eda-ltd.com.tr\/index.php\/wp-json\/wp\/v2\/media?parent=2156"}],"curies":[{"name":"wp","href":"https:\/\/api.w.org\/{rel}","templated":true}]}}