{"id":2152,"date":"2018-06-11T10:59:43","date_gmt":"2018-06-11T08:59:43","guid":{"rendered":"http:\/\/www.eda-ltd.com.tr\/?page_id=2152"},"modified":"2018-10-19T14:59:34","modified_gmt":"2018-10-19T12:59:34","slug":"faaliyetler","status":"publish","type":"page","link":"https:\/\/www.eda-ltd.com.tr\/index.php\/faaliyetler\/","title":{"rendered":"Faaliyetler"},"content":{"rendered":"<p style=\"font-size: 13px;\">EDA Tasar\u0131m taraf\u0131ndan y\u00fcr\u00fct\u00fclen m\u00fchendislik faaliyetleri 3 ana ba\u015fl\u0131k alt\u0131nda toplanmaktad\u0131r.<\/p>\n<div class=\"rowa\" style=\"height: 450px; \/*margin-bottom: 100px; \/*! font-size: 13px;\">\n<div class=\"columna\" style=\"width: 300px; padding-left: 0px; height: 450px;\">\n<div style=\"background: linear-gradient(#e6e6e6, #f6f6f6); ;\/* border-radius: 2px; ! margin-bottom: 10px; *\/ \/*! border-width: 5px; *\/\/*! border-style: solid; *\/\/*! border-color: #e6e6e6; *\/font-size: 12px; font-family: arial; border-top-color: #e6e6e6; border-top-style: solid; border-top-width: 10px; height: 450px; \/*! width: 400px; *\/ \/*! margin-left: 50px; margin-bottom: 100px;\">\n<p style=\"margin-left: 15px; \/*! font-style: italic; *\/ font-family: arial; \/*! font-size: 13px; *\/font-weight: bold;\"><a href=\"https:\/\/www.eda-ltd.com.tr\/index.php\/tasarim-analiz\/\" target=\"_blank\" rel=\"noopener\">TASARIM VE ANAL\u0130Z \u00c7ALI\u015eMALARI<\/a><\/p>\n<p style=\"margin-left: 15px; font-style: italic; font-family: arial; font-size: 11px; font-weight: bold; margin-bottom: 5px;\">Ama\u00e7<\/p>\n<ul style=\"margin-top: 0px; margin-bottom: 0px; margin-left: 35px;\">\n<li><a href=\"https:\/\/www.eda-ltd.com.tr\/index.php\/tasarim-analiz\/\" target=\"_blank\" rel=\"noopener\">Teknolojik rekabet g\u00fcc\u00fcn\u00fcn korunmas\u0131 ya da art\u0131r\u0131lmas\u0131 i\u00e7in temini zorunlu hale gelen \u00fcr\u00fcn tasar\u0131mlar\u0131n\u0131n yap\u0131lmas\u0131\u2026 <\/a><\/li>\n<\/ul>\n<p style=\"margin-left: 15px; font-style: italic; font-family: arial; font-size: 11px; font-weight: bold; margin-bottom: 5px;\">Faaliyetler<\/p>\n<ul style=\"margin-top: 0px; margin-bottom: 0px; margin-left: 35px;\">\n<li><a href=\"https:\/\/www.eda-ltd.com.tr\/index.php\/tasarim-analiz\/\" target=\"_blank\" rel=\"noopener\">\u00d6zg\u00fcn ve ileri teknoloji \u00fcr\u00fcn\u00fc, sistem\/alt sistem tasar\u0131mlar\u0131n\u0131n geli\u015ftirilmesi\u2026<\/a><\/li>\n<\/ul>\n<p style=\"margin-left: 15px; font-style: italic; font-family: arial; font-size: 11px; font-weight: bold; margin-bottom: 0px;\">A\u00e7\u0131klama<\/p>\n<p style=\"margin-left: 15px; font-family: arial; \/*! font-size: 12px; *\/ margin-right: 10px; margin-bottom: 20px;\"><a href=\"https:\/\/www.eda-ltd.com.tr\/index.php\/tasarim-analiz\/\" target=\"_blank\" rel=\"noopener\">Yeni tasar\u0131m geli\u015ftirme \u00e7al\u0131\u015fmalar\u0131n\u0131n yan\u0131 s\u0131ra EDA; mevcut bir tasar\u0131m\u0131n\u2026<\/a><\/p>\n<p style=\"margin-left: 15px; margin-bottom: 0px;\"><img loading=\"lazy\" class=\"aligncenter wp-image-2568\" style=\"float: left; margin-top: -7px; margin-right: 10px;\" src=\"https:\/\/www.eda-ltd.com.tr\/wp-content\/uploads\/2018\/06\/tab_arrow.png\" sizes=\"(max-width: 46px) 100vw, 46px\" srcset=\"https:\/\/www.eda-ltd.com.tr\/wp-content\/uploads\/2018\/06\/tab_arrow.png 220w, https:\/\/www.eda-ltd.com.tr\/wp-content\/uploads\/2018\/06\/tab_arrow-150x81.png 150w\" alt=\"\" width=\"46\" height=\"25\" \/><span style=\"font-size: 13px;\"><a href=\"https:\/\/www.eda-ltd.com.tr\/index.php\/tasarim-iyilestirme\/\" target=\"_blank\" rel=\"noopener\"><b style=\"font-family: arial; font-weight: bold; font-size: 12px;\">TASARIM \u0130Y\u0130LE\u015eT\u0130RME<\/b><\/a><\/span><\/p>\n<p style=\"margin-left: 15px; margin-bottom: 0px;\"><img loading=\"lazy\" class=\"aligncenter wp-image-2568\" style=\"float: left; margin-top: -7px; margin-right: 10px;\" src=\"https:\/\/www.eda-ltd.com.tr\/wp-content\/uploads\/2018\/06\/tab_arrow.png\" sizes=\"(max-width: 46px) 100vw, 46px\" srcset=\"https:\/\/www.eda-ltd.com.tr\/wp-content\/uploads\/2018\/06\/tab_arrow.png 220w, https:\/\/www.eda-ltd.com.tr\/wp-content\/uploads\/2018\/06\/tab_arrow-150x81.png 150w\" alt=\"\" width=\"46\" height=\"25\" \/><span style=\"font-size: 13px;\"><a href=\"https:\/\/www.eda-ltd.com.tr\/index.php\/tasarim-optimizasyonu\/\" target=\"_blank\" rel=\"noopener\"><b style=\"font-family: arial; font-weight: bold; font-size: 12px;\">TASARIM OPT\u0130M\u0130ZASYONU<\/b><\/a><\/span><\/p>\n<p style=\"margin-left: 15px;\"><img loading=\"lazy\" class=\"aligncenter wp-image-2568\" style=\"float: left; margin-top: -7px; margin-right: 10px;\" src=\"https:\/\/www.eda-ltd.com.tr\/wp-content\/uploads\/2018\/06\/tab_arrow.png\" sizes=\"(max-width: 46px) 100vw, 46px\" srcset=\"https:\/\/www.eda-ltd.com.tr\/wp-content\/uploads\/2018\/06\/tab_arrow.png 220w, https:\/\/www.eda-ltd.com.tr\/wp-content\/uploads\/2018\/06\/tab_arrow-150x81.png 150w\" alt=\"\" width=\"46\" height=\"25\" \/><span style=\"font-size: 13px;\"><a href=\"https:\/\/www.eda-ltd.com.tr\/index.php\/analiz\/\" target=\"_blank\" rel=\"noopener\"><b style=\"font-family: arial; font-weight: bold; font-size: 12px;\">ANAL\u0130Z<\/b><\/a><\/span><\/p>\n<\/div>\n<\/div>\n<div class=\"columna\" style=\"padding-right: 0px; width: 300px; padding-left: 0px; height: 450px;\">\n<div style=\"background: linear-gradient(#e6e6e6, #f6f6f6); ;\/* border-radius: 2px; ! margin-bottom: 10px; *\/ \/*! border-width: 5px; *\/\/*! border-style: solid; *\/\/*! border-color: #e6e6e6; *\/font-size: 12px; font-family: arial; border-top-color: #e6e6e6; border-top-style: solid; border-top-width: 10px; height: 450px; \/*! width: 400px; *\/\/*! margin-left: 50px;\">\n<p style=\"margin-left: 15px; \/*! font-style: italic; *\/ font-family: arial; \/*! font-size: 13px; *\/font-weight: bold;\"><a href=\"https:\/\/www.eda-ltd.com.tr\/index.php\/yazilim-gelistirme\/\" target=\"_blank\" rel=\"noopener\">YAZILIM GEL\u0130\u015eT\u0130RME<\/a><\/p>\n<p style=\"margin-left: 15px; font-style: italic; font-family: arial; font-size: 11px; font-weight: bold; margin-bottom: 5px;\">Ama\u00e7<\/p>\n<ul style=\"margin-top: 0px; margin-bottom: 0px; margin-left: 35px;\">\n<li><a href=\"https:\/\/www.eda-ltd.com.tr\/index.php\/yazilim-gelistirme\/\" target=\"_blank\" rel=\"noopener\">Tasar\u0131m \u00e7al\u0131\u015fmalar\u0131n\u0131n ba\u011f\u0131ms\u0131z ve herhangi bir yetenek s\u0131n\u0131rlamas\u0131na ba\u011fl\u0131 kalmaks\u0131z\u0131n ger\u00e7ekle\u015ftirilebilmesi\u2026 <\/a><\/li>\n<\/ul>\n<p style=\"margin-left: 15px; font-style: italic; font-family: arial; font-size: 11px; font-weight: bold; margin-bottom: 5px;\">Faaliyetler<\/p>\n<ul style=\"margin-top: 0px; margin-bottom: 0px; margin-left: 35px;\">\n<li><a href=\"https:\/\/www.eda-ltd.com.tr\/index.php\/yazilim-gelistirme\/\" target=\"_blank\" rel=\"noopener\">M\u00fchendislik tasar\u0131m\/analiz yaz\u0131l\u0131mlar\u0131n\u0131n geli\u015ftirilmesi ve otomatize edilmesi\u2026<\/a><\/li>\n<\/ul>\n<p style=\"margin-left: 15px; font-style: italic; font-family: arial; font-size: 11px; font-weight: bold; margin-bottom: 0px;\">A\u00e7\u0131klama<\/p>\n<p style=\"margin-left: 15px; font-family: arial; \/*! font-size: 12px; *\/ margin-right: 10px; margin-bottom: 10px;\"><a href=\"https:\/\/www.eda-ltd.com.tr\/index.php\/yazilim-gelistirme\/#rules1\" target=\"_blank\" rel=\"noopener\">\u0130leri teknoloji \u00fcr\u00fcn\u00fc tasar\u0131mlar\u0131n geli\u015ftirilebilmesi, insan kayna\u011f\u0131n\u0131n yan\u0131 s\u0131ra\u2026<\/a><\/p>\n<p style=\"margin-left: 15px; \/*! font-style: italic; *\/ font-family: arial; font-size: 13px; font-weight: bold; margin-bottom: 20px; line-height: 18px; margin-top: 20px;\"><a href=\"https:\/\/www.eda-ltd.com.tr\/index.php\/yazilim-gelistirme\/#rules1\" target=\"_blank\" rel=\"noopener\">Bug\u00fcne kadar y\u00fcr\u00fct\u00fclen Ar-Ge projeleri kapsam\u0131nda yap\u0131lm\u0131\u015f yaz\u0131l\u0131m geli\u015ftirme \u00e7al\u0131\u015fmalar\u0131<\/a><\/p>\n<\/div>\n<\/div>\n<div class=\"columna\" style=\"padding-right: 0px; width: 300px; \/*! padding-left: 0px; *\/ height: 450px;\">\n<div style=\"background: linear-gradient(#e6e6e6, #f6f6f6); ;\/* border-radius: 2px; ! margin-bottom: 10px; *\/ \/*! border-width: 5px; *\/\/*! border-style: solid; *\/\/*! border-color: #e6e6e6; *\/font-size: 12px; font-family: arial; border-top-color: #e6e6e6; border-top-style: solid; border-top-width: 10px; height: 450px; \/*! width: 400px; *\/\/*! margin-left: 50px;\">\n<p style=\"margin-left: 15px; \/*! font-style: italic; *\/ font-family: arial; \/*! font-size: 12px; *\/font-weight: bold;\"><a href=\"https:\/\/www.eda-ltd.com.tr\/index.php\/ar-ge-calismalari\/\" target=\"_blank\" rel=\"noopener\">AR-GE \u00c7ALI\u015eMALARI<\/a><\/p>\n<p style=\"margin-left: 15px; font-style: italic; font-family: arial; font-size: 11px; font-weight: bold; margin-bottom: 5px;\">Ama\u00e7<\/p>\n<ul style=\"margin-top: 0px; margin-bottom: 0px; margin-left: 35px;\">\n<li><a href=\"https:\/\/www.eda-ltd.com.tr\/index.php\/ar-ge-calismalari\/\" target=\"_blank\" rel=\"noopener\">Karma\u015f\u0131k m\u00fchendislik tasar\u0131m problemlerinin \u00e7\u00f6z\u00fcm\u00fc ve ileri teknoloji \u00fcr\u00fcn\u00fc tasar\u0131mlar\u0131n geli\u015ftirilmesine y\u00f6nelik \u00e7al\u0131\u015fmalar i\u00e7in gerekli olan\u2026<\/a><\/li>\n<\/ul>\n<p style=\"margin-left: 15px; font-style: italic; font-family: arial; font-size: 11px; font-weight: bold; margin-bottom: 5px;\">Faaliyetler<\/p>\n<ul style=\"margin-top: 0px; margin-bottom: 0px; margin-left: 35px;\">\n<li><a href=\"https:\/\/www.eda-ltd.com.tr\/index.php\/ar-ge-calismalari\/\" target=\"_blank\" rel=\"noopener\">\u0130lgili sekt\u00f6r kurulu\u015flar\u0131 taraf\u0131ndan; tasar\u0131m geli\u015ftirme, iyile\u015ftirme ya da optimizasyonu amac\u0131 ile\u2026<\/a><\/li>\n<\/ul>\n<p style=\"margin-left: 15px; font-style: italic; font-family: arial; font-size: 11px; font-weight: bold; margin-bottom: 0px;\">A\u00e7\u0131klama<\/p>\n<p style=\"margin-left: 15px; font-family: arial; \/*! font-size: 12px; *\/ margin-right: 10px; margin-bottom: 10px;\"><a href=\"https:\/\/www.eda-ltd.com.tr\/index.php\/ar-ge-calismalari\/#rules2\">Mevcut problem ve talepler do\u011frultusunda s\u00fcrd\u00fcrd\u00fc\u011f\u00fc ara\u015ft\u0131rma-geli\u015ftirme \u00e7al\u0131\u015fmalar\u0131n\u0131n yan\u0131 s\u0131ra\u2026<\/a><\/p>\n<p style=\"margin-left: 15px; \/*! font-style: italic; *\/ font-family: arial; font-size: 13px; font-weight: bold; margin-bottom: 5px; margin-top: -20px;\"><a href=\"https:\/\/www.eda-ltd.com.tr\/index.php\/ar-ge-calismalari\/#rules2\" target=\"_blank\" rel=\"noopener\"><br \/>\nKonular<\/a><\/p>\n<p style=\"margin-left: 15px; \/*! font-style: italic; *\/ font-family: arial; font-size: 13px; font-weight: bold; margin-bottom: 20px; line-height: 18px;\"><a href=\"https:\/\/www.eda-ltd.com.tr\/index.php\/ar-ge-calismalari\/#rules2\" target=\"_blank\" rel=\"noopener\">Bug\u00fcne kadar y\u00fcr\u00fct\u00fclm\u00fc\u015f baz\u0131 Ar-Ge projeleri<\/a><\/p>\n<\/div>\n<\/div>\n<\/div>\n","protected":false},"excerpt":{"rendered":"<p>EDA Tasar\u0131m taraf\u0131ndan y\u00fcr\u00fct\u00fclen m\u00fchendislik faaliyetleri 3 ana ba\u015fl\u0131k alt\u0131nda toplanmaktad\u0131r. TASARIM VE ANAL\u0130Z \u00c7ALI\u015eMALARI Ama\u00e7 Teknolojik rekabet g\u00fcc\u00fcn\u00fcn korunmas\u0131 ya da art\u0131r\u0131lmas\u0131 i\u00e7in temini zorunlu hale gelen \u00fcr\u00fcn tasar\u0131mlar\u0131n\u0131n yap\u0131lmas\u0131\u2026 Faaliyetler \u00d6zg\u00fcn ve ileri teknoloji \u00fcr\u00fcn\u00fc, sistem\/alt sistem tasar\u0131mlar\u0131n\u0131n geli\u015ftirilmesi\u2026 A\u00e7\u0131klama Yeni tasar\u0131m geli\u015ftirme \u00e7al\u0131\u015fmalar\u0131n\u0131n yan\u0131 s\u0131ra EDA; mevcut bir tasar\u0131m\u0131n\u2026 TASARIM \u0130Y\u0130LE\u015eT\u0130RME TASARIM [&hellip;]<\/p>\n","protected":false},"author":1,"featured_media":0,"parent":0,"menu_order":35,"comment_status":"closed","ping_status":"closed","template":"","meta":[],"_links":{"self":[{"href":"https:\/\/www.eda-ltd.com.tr\/index.php\/wp-json\/wp\/v2\/pages\/2152"}],"collection":[{"href":"https:\/\/www.eda-ltd.com.tr\/index.php\/wp-json\/wp\/v2\/pages"}],"about":[{"href":"https:\/\/www.eda-ltd.com.tr\/index.php\/wp-json\/wp\/v2\/types\/page"}],"author":[{"embeddable":true,"href":"https:\/\/www.eda-ltd.com.tr\/index.php\/wp-json\/wp\/v2\/users\/1"}],"replies":[{"embeddable":true,"href":"https:\/\/www.eda-ltd.com.tr\/index.php\/wp-json\/wp\/v2\/comments?post=2152"}],"version-history":[{"count":90,"href":"https:\/\/www.eda-ltd.com.tr\/index.php\/wp-json\/wp\/v2\/pages\/2152\/revisions"}],"predecessor-version":[{"id":3276,"href":"https:\/\/www.eda-ltd.com.tr\/index.php\/wp-json\/wp\/v2\/pages\/2152\/revisions\/3276"}],"wp:attachment":[{"href":"https:\/\/www.eda-ltd.com.tr\/index.php\/wp-json\/wp\/v2\/media?parent=2152"}],"curies":[{"name":"wp","href":"https:\/\/api.w.org\/{rel}","templated":true}]}}